{"id":44,"date":"2016-07-14T20:38:43","date_gmt":"2016-07-14T17:38:43","guid":{"rendered":"https:\/\/yamastik.gr\/?page_id=44"},"modified":"2024-08-21T16:46:02","modified_gmt":"2024-08-21T13:46:02","slug":"quality","status":"publish","type":"page","link":"https:\/\/yamastik.com\/es\/company\/quality\/","title":{"rendered":"Calidad"},"content":{"rendered":"<div data-elementor-type=\"wp-page\" data-elementor-id=\"44\" class=\"elementor elementor-44\" data-elementor-post-type=\"page\">\n\t\t\t\t<div class=\"elementor-element elementor-element-c5938ff e-flex e-con-boxed e-con e-parent\" data-id=\"c5938ff\" data-element_type=\"container\" data-e-type=\"container\">\n\t\t\t\t\t<div class=\"e-con-inner\">\n\t\t\t\t<div class=\"elementor-element elementor-element-375f467 elementor-widget elementor-widget-text-editor\" data-id=\"375f467\" data-element_type=\"widget\" data-e-type=\"widget\" data-widget_type=\"text-editor.default\">\n\t\t\t\t<div class=\"elementor-widget-container\">\n\t\t\t\t\t\t\t\t\t<h2><strong>Certificados<\/strong><\/h2><p>La f\u00e1brica de Yamastik, en VI.PE. Heraklion, Creta, cuenta con todos los certificados necesarios de una f\u00e1brica moderna, relativos a sistemas de gesti\u00f3n, procesos de producci\u00f3n y controles de calidad de los productos.<\/p><p><img fetchpriority=\"high\" decoding=\"async\" class=\"img-responsive aligncenter wp-image-417 size-full\" src=\"https:\/\/yamastik.com\/wp-content\/uploads\/2016\/07\/poiotita-guarantee-iso.jpg\" alt=\"\" width=\"437\" height=\"177\" \/><\/p><p>\u00a0<\/p><h2><strong>Control y gesti\u00f3n de la calidad <\/strong><\/h2><p>Seg\u00fan la pol\u00edtica y la filosof\u00eda b\u00e1sica de la empresa, centrarse en el cliente, es decir, satisfacer plenamente sus necesidades y ofrecerle servicios y productos de calidad basados en sus requisitos, es uno de sus valores fundamentales.<\/p><p>Al invertir en el esfuerzo y el tiempo de sus empleados y socios, Yamastik cree que puede satisfacer eficazmente las demandas de sus clientes. La empresa, en el \u00e1mbito de sus operaciones, cumple plenamente todos los requisitos de la legislaci\u00f3n.<\/p><p>Su objetivo es satisfacer plenamente a sus clientes, utilizando una filosof\u00eda que satisfaga sus necesidades y expectativas, centr\u00e1ndose en cuestiones de calidad.<\/p><p>Los principales objetivos de la aplicaci\u00f3n de la Pol\u00edtica de Calidad son:<\/p><p>Aumentar la satisfacci\u00f3n del cliente.<\/p><p>Prestaci\u00f3n de servicios de consultor\u00eda de alta calidad.<\/p><p>El crecimiento continuo de la base de clientes.<\/p><p>La realizaci\u00f3n efectiva de los proyectos que emprende, de acuerdo con las necesidades y requisitos de sus clientes.<\/p><p>Seguimiento y control eficaces de la ejecuci\u00f3n de los proyectos<\/p><p>Cumplir todos los requisitos legislativos y reglamentarios pertinentes y relativos a sus actividades.<\/p><p>Formaci\u00f3n continua del personal.<\/p><p>La selecci\u00f3n de proveedores y socios para el suministro de materias primas, materiales y servicios de calidad.<\/p><p>Garantizar la calidad de los productos intermedios y acabados, as\u00ed como la certificaci\u00f3n de productos y procesos de producci\u00f3n, sobre la base de normas europeas e internacionales por parte de organizaciones acreditadas y reconocidas internacionalmente.<\/p><p>\u00a0<\/p><h2><strong>Pol\u00edtica de calidad<\/strong><\/h2><p>Ser el grupo l\u00edder, pionero e intercultural en nuestro campo, centr\u00e1ndonos en las personas y en el respeto al medio ambiente.<\/p><p>Los valores en los que se basa el funcionamiento de Yamastik son:<\/p><ul><li>Integridad<\/li><li>Esp\u00edritu de equipo<\/li><li>Responsabilidad social<\/li><li>Vanguard<\/li><li>Centrarse en el cliente<\/li><li>Iniciativa empresarial<\/li><li>Aprendizaje continuo<\/li><li>y constituyen la base para alcanzar sus objetivos estrat\u00e9gicos a continuaci\u00f3n:<\/li><li>Expansi\u00f3n continua a nuevos mercados<\/li><li>Crear clientes, socios y consumidores satisfechos<\/li><li>Organizaci\u00f3n flexible<\/li><li>Alta productividad<\/li><li>Pol\u00edtica de calidad total<\/li><li>Responder directamente a los est\u00edmulos del mercado y a la demanda de soluciones y servicios t\u00e9cnicos integrados.<\/li><li>Un entorno de trabajo que fomenta el trabajo en equipo y la creatividad<\/li><\/ul><p>Con la implantaci\u00f3n del Sistema de Gesti\u00f3n de Calidad, la Direcci\u00f3n de la empresa se compromete a:<\/p><p>La satisfacci\u00f3n de las necesidades de los clientes<\/p><p>El cumplimiento de los requisitos legales y reglamentarios que rigen sus productos y servicios.<\/p><p>La mejora continua de la eficacia del Sistema de Gesti\u00f3n de la Calidad<\/p><p>Para cumplir los compromisos anteriores, la Direcci\u00f3n de la empresa proporciona los recursos necesarios y toma las medidas oportunas para:<\/p><p>El personal de la empresa es consciente de la importancia de satisfacer las necesidades de los clientes.<\/p><p>El sistema debe revisarse peri\u00f3dicamente para garantizar su eficacia.<\/p><p>Establecer anualmente objetivos espec\u00edficos, mensurables y alcanzables, cuya aplicaci\u00f3n sea un compromiso para la empresa y una obligaci\u00f3n para el personal.<\/p><p>Esta pol\u00edtica de calidad se revisar\u00e1 peri\u00f3dicamente<\/p><p>Esta pol\u00edtica de calidad se comunica a todo el personal de la empresa<\/p><p>La participaci\u00f3n y contribuci\u00f3n activa de todo el personal de la empresa se considera un factor decisivo para la consecuci\u00f3n de los objetivos de Calidad.<\/p><p>\u00a0<\/p><h2><strong>Pol\u00edtica medioambiental<\/strong><\/h2><p>Objetivo de la empresa<\/p><p>Yamastik, una Industria de Maquinaria Agr\u00edcola en constante crecimiento, reconoce que el crecimiento econ\u00f3mico puede y debe ir de la mano de un medio ambiente saludable y, por lo tanto, era y es su objetivo combinar su curso din\u00e1mico con el necesario respeto por el medio ambiente, su preservaci\u00f3n, protecci\u00f3n y mejora.<\/p>\t\t\t\t\t\t\t\t<\/div>\n\t\t\t\t<\/div>\n\t\t\t\t\t<\/div>\n\t\t\t\t<\/div>\n\t\t\t\t<\/div>","protected":false},"excerpt":{"rendered":"<p>Certificados La f\u00e1brica Yamastik, en VI.PE. Heraklion, Creta, cuenta con todos los certificados necesarios de una f\u00e1brica moderna, relativos a Sistemas de Gesti\u00f3n, Procesos de Producci\u00f3n y Controles de Calidad del Producto.   Control y Gesti\u00f3n de Calidad De acuerdo con la pol\u00edtica y la filosof\u00eda b\u00e1sica de la empresa, el centro de inter\u00e9s de la empresa es el cliente, es decir, la plena satisfacci\u00f3n de [...]<\/p>","protected":false},"author":1,"featured_media":0,"parent":42,"menu_order":0,"comment_status":"closed","ping_status":"closed","template":"","meta":{"_acf_changed":false,"footnotes":""},"class_list":["post-44","page","type-page","status-publish","hentry"],"acf":[],"_links":{"self":[{"href":"https:\/\/yamastik.com\/es\/wp-json\/wp\/v2\/pages\/44"}],"collection":[{"href":"https:\/\/yamastik.com\/es\/wp-json\/wp\/v2\/pages"}],"about":[{"href":"https:\/\/yamastik.com\/es\/wp-json\/wp\/v2\/types\/page"}],"author":[{"embeddable":true,"href":"https:\/\/yamastik.com\/es\/wp-json\/wp\/v2\/users\/1"}],"replies":[{"embeddable":true,"href":"https:\/\/yamastik.com\/es\/wp-json\/wp\/v2\/comments?post=44"}],"version-history":[{"count":2,"href":"https:\/\/yamastik.com\/es\/wp-json\/wp\/v2\/pages\/44\/revisions"}],"predecessor-version":[{"id":2728,"href":"https:\/\/yamastik.com\/es\/wp-json\/wp\/v2\/pages\/44\/revisions\/2728"}],"up":[{"embeddable":true,"href":"https:\/\/yamastik.com\/es\/wp-json\/wp\/v2\/pages\/42"}],"wp:attachment":[{"href":"https:\/\/yamastik.com\/es\/wp-json\/wp\/v2\/media?parent=44"}],"curies":[{"name":"wp","href":"https:\/\/api.w.org\/{rel}","templated":true}]}}