{"id":46,"date":"2016-07-14T20:38:56","date_gmt":"2016-07-14T17:38:56","guid":{"rendered":"https:\/\/yamastik.gr\/?page_id=46"},"modified":"2024-08-21T16:44:15","modified_gmt":"2024-08-21T13:44:15","slug":"human-resources","status":"publish","type":"page","link":"https:\/\/yamastik.com\/es\/company\/human-resources\/","title":{"rendered":"Recursos humanos"},"content":{"rendered":"<div data-elementor-type=\"wp-page\" data-elementor-id=\"46\" class=\"elementor elementor-46\" data-elementor-post-type=\"page\">\n\t\t\t\t<div class=\"elementor-element elementor-element-df152b8 e-flex e-con-boxed e-con e-parent\" data-id=\"df152b8\" data-element_type=\"container\" data-e-type=\"container\">\n\t\t\t\t\t<div class=\"e-con-inner\">\n\t\t\t\t<div class=\"elementor-element elementor-element-00135f4 elementor-widget elementor-widget-text-editor\" data-id=\"00135f4\" data-element_type=\"widget\" data-e-type=\"widget\" data-widget_type=\"text-editor.default\">\n\t\t\t\t<div class=\"elementor-widget-container\">\n\t\t\t\t\t\t\t\t\t<h2><strong>Trabajar en <\/strong><strong>Yamastik<\/strong><\/h2><p>Reconociendo la contribuci\u00f3n de las personas al \u00e9xito de la empresa, proporcionamos un entorno de trabajo ideal que apoya las diversas necesidades de todos los empleados, tanto dentro como fuera de la empresa, lo que nos convierte en un empleador de elecci\u00f3n. Nuestra cultura corporativa se caracteriza por el esp\u00edritu de equipo y el esfuerzo colectivo, al tiempo que fomenta la iniciativa, la libertad y la participaci\u00f3n en la toma de decisiones para desarrollar nuevas ideas y soluciones innovadoras en un entorno de igualdad de oportunidades. Invertimos en el desarrollo profesional de las personas a trav\u00e9s de la educaci\u00f3n y la formaci\u00f3n continuas, al tiempo que creamos las condiciones adecuadas para la mejora continua del rendimiento de nuestros empleados. Nos esforzamos por aprovechar al m\u00e1ximo las competencias de nuestros empleados, al tiempo que nos esforzamos por desarrollar sus habilidades. Damos a nuestros empleados todas las oportunidades para crecer y desarrollarse dentro de nuestra empresa.<\/p><p>Cuando surgen necesidades para cubrir puestos o se crean nuevos puestos antes de buscar ejecutivos en el mercado, primero examinamos si esos puestos pueden cubrirse dentro de la empresa con empleados que puedan responder. Si hemos agotado todas las posibilidades de cubrir una vacante internamente, nos planteamos la contrataci\u00f3n en el mercado.<\/p><p>Nos preocupamos por la Salud y la Seguridad de nuestros empleados. Para alcanzar el objetivo de un trabajo que garantice la salud y la seguridad de nuestros empleados, hemos establecido un Sistema de Garant\u00eda de Salud y Seguridad en el Trabajo y de Prevenci\u00f3n de Riesgos Laborales.<\/p><p>Nuestro objetivo \u00faltimo es atraer, desarrollar y mantener un alto nivel de recursos humanos.<\/p><h2><strong>Qu\u00e9 buscamos <\/strong><\/h2><p>Nuestra cultura corporativa se caracteriza por el esp\u00edritu de equipo y el esfuerzo colectivo, al tiempo que fomenta la iniciativa, la libertad y la participaci\u00f3n en la toma de decisiones para desarrollar nuevas ideas y soluciones innovadoras en un entorno de igualdad de oportunidades.<\/p><p>Ofrecemos a nuestra gente oportunidades para crecer profesional y personalmente.<\/p><p>En el contexto de nuestro continuo desarrollo, estamos interesados en contratar a personas activas con una s\u00f3lida formaci\u00f3n acad\u00e9mica, que se gu\u00eden por los siguientes valores:<\/p><ul><li>Iniciativa (para la mejora continua)<\/li><li>Honestidad<\/li><li>Trabajo en equipo<\/li><li>Lealtad<\/li><li>Empleabilidad<\/li><\/ul><p>\u00a0<\/p><h2><strong>Env\u00ede su CV<\/strong><\/h2><p><a href=\"mailto:info@yamastik.gr\"><strong>info@yamastik.gr<\/strong><\/a><\/p><p><strong>\u00a0<\/strong><\/p><p>PROTECCI\u00d3N DE DATOS PERSONALES<\/p><p>Toda la informaci\u00f3n contenida en su solicitud y CV se considera estrictamente confidencial y se utiliza \u00fanicamente con el fin de evaluar sus cualificaciones, de forma objetiva y meritocr\u00e1tica, para su oportunidad profesional en Yamastik. Su solicitud, as\u00ed como cualquier informaci\u00f3n personal proporcionada, se a\u00f1ade a la base de datos de candidatos de la empresa. Esta informaci\u00f3n se considera confidencial y no se comparte con terceros.<\/p>\t\t\t\t\t\t\t\t<\/div>\n\t\t\t\t<\/div>\n\t\t\t\t\t<\/div>\n\t\t\t\t<\/div>\n\t\t\t\t<\/div>","protected":false},"excerpt":{"rendered":"<p>Trabajar en Yamastik Reconociendo la contribuci\u00f3n de las personas al \u00e9xito de la empresa, proporcionamos un entorno de trabajo ideal que apoya las diversas necesidades de todos los empleados dentro y fuera de la empresa, lo que nos convierte en un empleador de elecci\u00f3n. Nuestra cultura empresarial se caracteriza por el esp\u00edritu de equipo y el esfuerzo colectivo, al tiempo que fomenta la iniciativa, la libertad y la participaci\u00f3n en [...]<\/p>","protected":false},"author":1,"featured_media":0,"parent":42,"menu_order":0,"comment_status":"closed","ping_status":"closed","template":"","meta":{"_acf_changed":false,"footnotes":""},"class_list":["post-46","page","type-page","status-publish","hentry"],"acf":[],"_links":{"self":[{"href":"https:\/\/yamastik.com\/es\/wp-json\/wp\/v2\/pages\/46"}],"collection":[{"href":"https:\/\/yamastik.com\/es\/wp-json\/wp\/v2\/pages"}],"about":[{"href":"https:\/\/yamastik.com\/es\/wp-json\/wp\/v2\/types\/page"}],"author":[{"embeddable":true,"href":"https:\/\/yamastik.com\/es\/wp-json\/wp\/v2\/users\/1"}],"replies":[{"embeddable":true,"href":"https:\/\/yamastik.com\/es\/wp-json\/wp\/v2\/comments?post=46"}],"version-history":[{"count":2,"href":"https:\/\/yamastik.com\/es\/wp-json\/wp\/v2\/pages\/46\/revisions"}],"predecessor-version":[{"id":2722,"href":"https:\/\/yamastik.com\/es\/wp-json\/wp\/v2\/pages\/46\/revisions\/2722"}],"up":[{"embeddable":true,"href":"https:\/\/yamastik.com\/es\/wp-json\/wp\/v2\/pages\/42"}],"wp:attachment":[{"href":"https:\/\/yamastik.com\/es\/wp-json\/wp\/v2\/media?parent=46"}],"curies":[{"name":"wp","href":"https:\/\/api.w.org\/{rel}","templated":true}]}}