{"id":2203,"date":"2023-09-02T14:11:37","date_gmt":"2023-09-02T11:11:37","guid":{"rendered":"https:\/\/yamastik.com\/?page_id=2203"},"modified":"2023-09-02T19:23:12","modified_gmt":"2023-09-02T16:23:12","slug":"b2b-login-and-registrations","status":"publish","type":"page","link":"https:\/\/yamastik.com\/fr\/b2b-login-and-registrations\/","title":{"rendered":"B2B Login and Registrations"},"content":{"rendered":"<div data-elementor-type=\"wp-page\" data-elementor-id=\"2203\" class=\"elementor elementor-2203\" data-elementor-post-type=\"page\">\n\t\t\t\t<div class=\"elementor-element elementor-element-29fb357 e-flex e-con-boxed e-con e-parent\" data-id=\"29fb357\" data-element_type=\"container\" data-e-type=\"container\">\n\t\t\t\t\t<div class=\"e-con-inner\">\n\t\t<div class=\"elementor-element elementor-element-27113dc e-con-full e-flex e-con e-child\" data-id=\"27113dc\" data-element_type=\"container\" data-e-type=\"container\">\n\t\t\t\t<div class=\"elementor-element elementor-element-06512f6 elementor-widget elementor-widget-shortcode\" data-id=\"06512f6\" data-element_type=\"widget\" data-e-type=\"widget\" data-widget_type=\"shortcode.default\">\n\t\t\t\t<div class=\"elementor-widget-container\">\n\t\t\t\t\t\t\t<div class=\"elementor-shortcode\"><div class=\"woocommerce\"><\/div><\/div>\n\t\t\t\t\t\t<\/div>\n\t\t\t\t<\/div>\n\t\t\t\t<\/div>\n\t\t<div class=\"elementor-element elementor-element-9c35a4c e-flex e-con-boxed e-con e-child\" data-id=\"9c35a4c\" data-element_type=\"container\" data-e-type=\"container\">\n\t\t\t\t\t<div class=\"e-con-inner\">\n\t\t\t\t<div class=\"elementor-element elementor-element-d82457c elementor-widget elementor-widget-accordion\" data-id=\"d82457c\" data-element_type=\"widget\" data-e-type=\"widget\" data-widget_type=\"accordion.default\">\n\t\t\t\t<div class=\"elementor-widget-container\">\n\t\t\t\t\t\t\t<div class=\"elementor-accordion\">\n\t\t\t\t\t\t\t<div class=\"elementor-accordion-item\">\n\t\t\t\t\t<h6 id=\"elementor-tab-title-2261\" class=\"elementor-tab-title\" data-tab=\"1\" role=\"button\" aria-controls=\"elementor-tab-content-2261\" aria-expanded=\"false\">\n\t\t\t\t\t\t\t\t\t\t\t\t<a class=\"elementor-accordion-title\" tabindex=\"0\">INSCRIPTIONS<\/a>\n\t\t\t\t\t<\/h6>\n\t\t\t\t\t<div id=\"elementor-tab-content-2261\" class=\"elementor-tab-content elementor-clearfix\" data-tab=\"1\" role=\"region\" aria-labelledby=\"elementor-tab-title-2261\"><p><span style=\"vertical-align: inherit;\"><span style=\"vertical-align: inherit;\"><span style=\"vertical-align: inherit;\"><span style=\"vertical-align: inherit;\"><span style=\"vertical-align: inherit;\"><span style=\"vertical-align: inherit;\"><span style=\"vertical-align: inherit;\"><span style=\"vertical-align: inherit;\"><span style=\"vertical-align: inherit;\"><span style=\"vertical-align: inherit;\">\t\t\t<h2 class=\"b2bking_b2bregistration_only_register_header\">\r\n\t\t\tS'inscrire \u00e0<\/h2>\r\n\t\t\t<div class=\"woocommerce\">\r\n\t\t\t\t<form method=\"post\" class=\"woocommerce-form woocommerce-form-register register\" enctype=\"multipart\/form-data\" action=\"\" >\r\n\r\n\t\t\t\t\t\r\n\t\t\t\t\t\r\n\t\t\t\t\t\t<p class=\"woocommerce-form-row woocommerce-form-row--wide form-row form-row-wide\">\r\n\t\t\t\t\t\t\t<label for=\"reg_username\">Nom de l'utilisateur&nbsp;<span class=\"required\">*<\/span><\/label>\r\n\t\t\t\t\t\t\t<input type=\"text\" class=\"woocommerce-Input woocommerce-Input--text input-text\" name=\"username\" id=\"reg_username\" autocomplete=\"username\" value=\"\" \/>\r\n\t\t\t\t\t\t<\/p>\r\n\r\n\t\t\t\t\t\r\n\t\t\t\t\t<p class=\"woocommerce-form-row woocommerce-form-row--wide form-row form-row-wide\">\r\n\t\t\t\t\t\t<label for=\"reg_email\">Adresse \u00e9lectronique&nbsp;<span class=\"required\">*<\/span><\/label>\r\n\t\t\t\t\t\t<input type=\"email\" class=\"woocommerce-Input woocommerce-Input--text input-text\" name=\"email\" id=\"reg_email\" autocomplete=\"email\" value=\"\" \/>\r\n\t\t\t\t\t<\/p>\r\n\r\n\t\t\t\t\t\r\n\t\t\t\t\t\t<p class=\"woocommerce-form-row woocommerce-form-row--wide form-row form-row-wide\">\r\n\t\t\t\t\t\t\t<label for=\"reg_password\">Mot de passe Mot de passe&nbsp;<span class=\"required\">*<\/span><\/label>\r\n\t\t\t\t\t\t\t<input type=\"password\" class=\"woocommerce-Input woocommerce-Input--text input-text\" name=\"password\" id=\"reg_password\" autocomplete=\"new-password\" \/>\r\n\t\t\t\t\t\t<\/p>\r\n\r\n\t\t\t\t\t\r\n\t\t\t\t\t\t\t\t\t\t\t<p class=\"woocommerce-form-row woocommerce-form-row--wide form-row form-row-wide b2bking_registration_roles_dropdown_section b2bking_registration_roles_dropdown_section_hidden\">\r\n\t\t\t\t\t\t\t\t\t\t\t\t\t\t<label for=\"b2bking_registration_roles_dropdown\">\r\n\t\t\t\t\t\t\t\tType d'utilisateur&nbsp;<span class=\"required\">*<\/span>\r\n\t\t\t\t\t\t\t<\/label>\r\n\t\t\t\t\t\t\t<select id=\"b2bking_registration_roles_dropdown\" name=\"b2bking_registration_roles_dropdown\" required>\r\n\t\t\t\t\t\t\t\t<option value=\"\" >- - - S\u00e9lectionner le r\u00f4le de l'utilisateur - - -<\/option><option value=\"\"  selected='selected'>Client individuel<\/option><option value=\"\" >B2B (n\u00e9cessite une approbation)<\/option>\t\t\t\t\t\t\t<\/select>\r\n\t\t\t\t\t\t<\/p>\r\n\t\t\t\t\t\t<div class=\"b2bking_custom_registration_container b2bking_custom_registration_allroles\"><p class=\"woocommerce-form-row woocommerce-form-row--wide form-row form-row-wide\"><label for=\"b2bking_field_2142\">pr\u00e9nom&nbsp;<span class=\"required\">*<\/span><\/label><input type=\"text\" id=\"b2bking_field_2142\" class=\"b2bking_custom_registration_field b2bking_custom_field_req_required\" name=\"b2bking_custom_field_2142\" value=\"\" placeholder=\"Entrez votre pr\u00e9nom ici...\" required><\/p><\/div><div class=\"b2bking_custom_registration_container b2bking_custom_registration_allroles\"><p class=\"woocommerce-form-row woocommerce-form-row--wide form-row form-row-wide\"><label for=\"b2bking_field_2143\">Nom de famille&nbsp;<span class=\"required\">*<\/span><\/label><input type=\"text\" id=\"b2bking_field_2143\" class=\"b2bking_custom_registration_field b2bking_custom_field_req_required\" name=\"b2bking_custom_field_2143\" value=\"\" placeholder=\"Entrez votre nom de famille ici...\" required><\/p><\/div><div class=\"b2bking_custom_registration_container b2bking_custom_registration_allroles\"><p class=\"woocommerce-form-row woocommerce-form-row--wide form-row form-row-wide\"><label for=\"b2bking_field_2144\">nom de l'entreprise&nbsp;<\/label><input type=\"text\" id=\"b2bking_field_2144\" class=\"b2bking_custom_registration_field b2bking_custom_field_req_\" name=\"b2bking_custom_field_2144\" value=\"\" placeholder=\"Saisissez ici le nom de votre entreprise...\" ><\/p><\/div><div class=\"b2bking_custom_registration_container b2bking_custom_registration_allroles\"><p class=\"woocommerce-form-row woocommerce-form-row--wide form-row form-row-wide\"><label for=\"b2bking_field_2145\">adresse postale&nbsp;<span class=\"required\">*<\/span><\/label><input type=\"text\" id=\"b2bking_field_2145\" class=\"b2bking_custom_registration_field b2bking_custom_field_req_required\" name=\"b2bking_custom_field_2145\" value=\"\" placeholder=\"Entrez votre adresse ici...\" required><\/p><\/div><div class=\"b2bking_custom_registration_container b2bking_custom_registration_allroles\"><p class=\"woocommerce-form-row woocommerce-form-row--wide form-row form-row-wide\"><label for=\"b2bking_field_2146\">Ligne d'adresse 2&nbsp;<\/label><input type=\"text\" id=\"b2bking_field_2146\" class=\"b2bking_custom_registration_field b2bking_custom_field_req_\" name=\"b2bking_custom_field_2146\" value=\"\" placeholder=\"Ligne d&#039;adresse 2...\" ><\/p><\/div><div class=\"b2bking_custom_registration_container b2bking_custom_registration_allroles\"><p class=\"woocommerce-form-row woocommerce-form-row--wide form-row form-row-wide b2bking_country_or_state\"><label for=\"b2bking_custom_field_2150\">Pays et \u00c9tat&nbsp;<span class=\"required\">*<\/span><\/label><p class=\"form-row b2bking_country_field_selector b2bking_custom_registration_field b2bking_custom_field_req_required b2bking_country_field_req_required\" id=\"b2bking_custom_field_2150_field\" data-priority=\"\"><span class=\"woocommerce-input-wrapper\"><select name=\"b2bking_custom_field_2150\" id=\"b2bking_custom_field_2150\" class=\"country_to_state country_select\"  data-placeholder=\"\u0395\u03c0\u03b9\u03bb\u03ad\u03be\u03c4\u03b5 \u03c7\u03ce\u03c1\u03b1 \/ \u03c0\u03b5\u03c1\u03b9\u03bf\u03c7\u03ae&hellip;\" ><option value=\"\">S\u00e9lectionnez le pays\/la r\u00e9gion...<\/option><option value=\"SH\" >Agia Eleni<\/option><option value=\"LC\" >Sainte-Lucie<\/option><option value=\"SM\" >Saint Marinos<\/option><option value=\"MF\" >Agios Martinos (possession fran\u00e7aise)<\/option><option value=\"AO\" >Angola<\/option><option value=\"AZ\" >Azerba\u00efdjan<\/option><option value=\"EG\" >\u00c9gypte<\/option><option value=\"ET\" >\u00c9thiopie<\/option><option value=\"HT\" >Ha\u00efti<\/option><option value=\"CI\" >C\u00f4te d'Ivoire<\/option><option value=\"AL\" >Albanie<\/option><option value=\"DZ\" >Alg\u00e9rie<\/option><option value=\"AS\" >Samoa am\u00e9ricaines<\/option><option value=\"TL\" >Timor oriental<\/option><option value=\"AD\" >Andorre<\/option><option value=\"AQ\" >Antarctique<\/option><option value=\"AR\" >Argentine<\/option><option value=\"AM\" >Arm\u00e9nie<\/option><option value=\"AW\" >Aruba<\/option><option value=\"AU\" >Australie<\/option><option value=\"AT\" >Autriche<\/option><option value=\"AF\" >Afghanistan<\/option><option value=\"VU\" >Vanuatu<\/option><option value=\"VA\" >Vatican<\/option><option value=\"BE\" >Belgique<\/option><option value=\"VE\" >Venezuela<\/option><option value=\"BM\" >Bermudes<\/option><option value=\"VN\" >Vietnam<\/option><option value=\"BO\" >Bolivie<\/option><option value=\"KP\" >Cor\u00e9e du Nord<\/option><option value=\"MK\" >Mac\u00e9doine du Nord<\/option><option value=\"BA\" >Bosnie et Herz\u00e9govine<\/option><option value=\"BG\" >Bulgarie<\/option><option value=\"BR\" >Br\u00e9sil<\/option><option value=\"FR\" >France<\/option><option value=\"TF\" >Terres australes fran\u00e7aises<\/option><option value=\"GF\" >Guyane fran\u00e7aise<\/option><option value=\"PF\" >Polyn\u00e9sie fran\u00e7aise<\/option><option value=\"DE\" >Allemagne<\/option><option value=\"GE\" >G\u00e9orgie<\/option><option value=\"GI\" >Gibraltar<\/option><option value=\"GM\" >Gambie<\/option><option value=\"GA\" >Gabon<\/option><option value=\"GH\" >Ghana<\/option><option value=\"GT\" >Guatemala<\/option><option value=\"GY\" >Guyane<\/option><option value=\"GN\" >Guin\u00e9e<\/option><option value=\"GW\" >Guin\u00e9e-Bissau<\/option><option value=\"GD\" >Grenade<\/option><option value=\"GL\" >Groenland<\/option><option value=\"DK\" >Danemark<\/option><option value=\"DM\" >Dominique<\/option><option value=\"DO\" >R\u00e9publique dominicaine<\/option><option value=\"EH\" >Sahara occidental<\/option><option value=\"EC\" >\u00c9quateur<\/option><option value=\"SV\" >El Salvador<\/option><option value=\"CH\" >Suisse<\/option><option value=\"GR\" >Gr\u00e8ce<\/option><option value=\"ER\" >Erythr\u00e9e<\/option><option value=\"EE\" >Estonie<\/option><option value=\"ZM\" >Zambie<\/option><option value=\"ZW\" >Zimbabwe<\/option><option value=\"AE\" >\u00c9mirats arabes unis<\/option><option value=\"US\" >\u00c9tats-Unis (USA)<\/option><option value=\"GB\" >Royaume-Uni (UK)<\/option><option value=\"JP\" >Japon<\/option><option value=\"ID\" >Indon\u00e9sie<\/option><option value=\"JO\" >Jordanie<\/option><option value=\"IQ\" >L'Irak<\/option><option value=\"IR\" >L'Iran<\/option><option value=\"IE\" >Irlande<\/option><option value=\"GQ\" >Guin\u00e9e \u00e9quatoriale<\/option><option value=\"IS\" >Islande<\/option><option value=\"ES\" >Espagne<\/option><option value=\"IL\" >Isra\u00ebl<\/option><option value=\"IT\" >Italie<\/option><option value=\"KZ\" >Kazakhstan<\/option><option value=\"CM\" >Cameroun<\/option><option value=\"KH\" >Cambodge<\/option><option value=\"CA\" >Canada<\/option><option value=\"QA\" >Qatar<\/option><option value=\"KY\" >\u00celes Ca\u00efmans<\/option><option value=\"CF\" >R\u00e9publique centrafricaine<\/option><option value=\"KE\" >Kenya<\/option><option value=\"CN\" >Chine<\/option><option value=\"KG\" >Kirghizistan<\/option><option value=\"KI\" >Kiribati<\/option><option value=\"CO\" >Colombie<\/option><option value=\"KM\" >Comores<\/option><option value=\"CD\" >Congo (Kinshasa)<\/option><option value=\"CG\" >Congo (Brazzaville)<\/option><option value=\"CR\" >Costa Rica<\/option><option value=\"CU\" >Cuba<\/option><option value=\"CW\" >Cura\u00e7ao<\/option><option value=\"HR\" >Croatie<\/option><option value=\"CY\" >Chypre<\/option><option value=\"LA\" >Laos<\/option><option value=\"LS\" >Lesotho<\/option><option value=\"LV\" >Lettonie<\/option><option value=\"BY\" >B\u00e9larus<\/option><option value=\"LB\" >Liban<\/option><option value=\"LR\" >Lib\u00e9ria<\/option><option value=\"LY\" >Libye<\/option><option value=\"LT\" >Lituanie<\/option><option value=\"LI\" >Liechtenstein<\/option><option value=\"LU\" >Luxembourg<\/option><option value=\"YT\" >Mayotte<\/option><option value=\"MG\" >Madagascar<\/option><option value=\"MO\" >Macao<\/option><option value=\"MY\" >Malaisie<\/option><option value=\"MW\" >Malawi<\/option><option value=\"MV\" >Maldives<\/option><option value=\"ML\" >Mali<\/option><option value=\"MT\" >Malte<\/option><option value=\"MA\" >Maroc<\/option><option value=\"MU\" >Maurice<\/option><option value=\"MR\" >Mauritanie<\/option><option value=\"ME\" >Mont\u00e9n\u00e9gro<\/option><option value=\"MX\" >Mexique<\/option><option value=\"MM\" >Myanmar<\/option><option value=\"FM\" >Micron\u00e9sie<\/option><option value=\"MN\" >Mongolie<\/option><option value=\"MZ\" >Mozambique<\/option><option value=\"MD\" >Moldavie<\/option><option value=\"MC\" >Monaco<\/option><option value=\"MS\" >Montserrat<\/option><option value=\"BD\" >Bangladesh<\/option><option value=\"BB\" >Barbade<\/option><option value=\"BS\" >Bahamas<\/option><option value=\"BH\" >Bahre\u00efn<\/option><option value=\"BZ\" >Belize<\/option><option value=\"BJ\" >B\u00e9nin<\/option><option value=\"BW\" >Botswana<\/option><option value=\"BF\" >Burkina Faso<\/option><option value=\"BI\" >Burundi<\/option><option value=\"BT\" >Bhoutan<\/option><option value=\"BN\" >Brunei<\/option><option value=\"NA\" >Namibie<\/option><option value=\"NR\" >Nauru<\/option><option value=\"NZ\" >Nouvelle-Z\u00e9lande<\/option><option value=\"NC\" >Nouvelle-Cal\u00e9donie<\/option><option value=\"NP\" >N\u00e9pal<\/option><option value=\"CC\" >\u00celes Cocos (Keeling)<\/option><option value=\"CK\" >\u00celes Cook<\/option><option value=\"MH\" >\u00celes Marshall<\/option><option value=\"PN\" >Pitcairn (\u00celes)<\/option><option value=\"SB\" >\u00celes Salomon<\/option><option value=\"TC\" >\u00celes Turks et Caicos<\/option><option value=\"FO\" >\u00celes F\u00e9ro\u00e9<\/option><option value=\"FK\" >\u00celes Malouines<\/option><option value=\"IM\" >\u00cele de Man<\/option><option value=\"CX\" >L'\u00eele de No\u00ebl<\/option><option value=\"NE\" >Niger<\/option><option value=\"NG\" >Nig\u00e9ria<\/option><option value=\"NI\" >Nicaragua<\/option><option value=\"NU\" >Newe<\/option><option value=\"NO\" >Norv\u00e8ge<\/option><option value=\"ZA\" >Afrique du Sud<\/option><option value=\"GS\" >G\u00e9orgie du Sud\/\u00eeles Sandwich<\/option><option value=\"KR\" >Cor\u00e9e du Sud<\/option><option value=\"SS\" >Sud Soudan<\/option><option value=\"NL\" >Pays-Bas<\/option><option value=\"OM\" >Oman<\/option><option value=\"HN\" >Honduras<\/option><option value=\"WF\" >Pays de Galles et Futuna<\/option><option value=\"HU\" >Hongrie<\/option><option value=\"UG\" >Ouganda<\/option><option value=\"UZ\" >Ouzb\u00e9kistan<\/option><option value=\"UA\" >Ukraine<\/option><option value=\"UY\" >Uruguay<\/option><option value=\"PK\" >Pakistan<\/option><option value=\"PA\" >Panama<\/option><option value=\"PG\" >Papouasie-Nouvelle-Guin\u00e9e<\/option><option value=\"PY\" >Paraguay<\/option><option value=\"VG\" >\u00celes Vierges (britanniques)<\/option><option value=\"VI\" >\u00celes Vierges (USA)<\/option><option value=\"PE\" >P\u00e9rou<\/option><option value=\"PL\" >Pologne<\/option><option value=\"PT\" >Portugal<\/option><option value=\"PR\" >Porto Rico<\/option><option value=\"CV\" >Cap Vert<\/option><option value=\"RE\" >R\u00e9union<\/option><option value=\"RW\" >Rwanda<\/option><option value=\"RO\" >Roumanie<\/option><option value=\"RU\" >Russie<\/option><option value=\"WS\" >Samoa<\/option><option value=\"SA\" >Arabie Saoudite<\/option><option value=\"SJ\" >Svalbard et Jan Mayen<\/option><option value=\"SN\" >S\u00e9n\u00e9gal<\/option><option value=\"RS\" >Serbie<\/option><option value=\"SC\" >Seychelles<\/option><option value=\"SG\" >Singapour<\/option><option value=\"SL\" >Sierra Leone<\/option><option value=\"SK\" >Slovaquie<\/option><option value=\"SI\" >Slov\u00e9nie<\/option><option value=\"SO\" >Somalie<\/option><option value=\"SD\" >Soudan<\/option><option value=\"SE\" >Su\u00e8de<\/option><option value=\"SR\" >Suriname<\/option><option value=\"LK\" >Sri Lanka<\/option><option value=\"SY\" >Syrie<\/option><option value=\"TW\" >Ta\u00efwan <\/option><option value=\"TH\" >Tha\u00eflande<\/option><option value=\"TZ\" >Tanzanie<\/option><option value=\"TJ\" >Tadjikistan<\/option><option value=\"JM\" >Jama\u00efque<\/option><option value=\"DJ\" >Djibouti<\/option><option value=\"TG\" >Togo<\/option><option value=\"TK\" >Tokelau<\/option><option value=\"TO\" >Tonga<\/option><option value=\"TV\" >Tuvalu<\/option><option value=\"TR\" >Turquie<\/option><option value=\"TM\" >Turkm\u00e9nistan<\/option><option value=\"TT\" >Trinit\u00e9-et-Tobago<\/option><option value=\"TD\" >Tchad<\/option><option value=\"CZ\" >R\u00e9publique tch\u00e8que<\/option><option value=\"TN\" >Tunisie<\/option><option value=\"YE\" >Y\u00e9men<\/option><option value=\"PH\" >Philippines<\/option><option value=\"FI\" >Finlande<\/option><option value=\"FJ\" >Fidji<\/option><option value=\"HM\" >\u00celes Hurd et McDonald<\/option><option value=\"CL\" >Chili<\/option><option value=\"HK\" >Hong Kong<\/option><option value=\"AX\" >\u00celes \u00c5land<\/option><option value=\"AI\" >Anguilla<\/option><option value=\"AG\" >Antigua et Barbuda<\/option><option value=\"PW\" >Belau<\/option><option value=\"BQ\" >Bonaire, Saint-Eustache et Saba<\/option><option value=\"BV\" >\u00cele Bouvet<\/option><option value=\"IO\" >Territoire britannique de l'oc\u00e9an Indien<\/option><option value=\"SZ\" >Eswatini<\/option><option value=\"GP\" >Guadeloupe<\/option><option value=\"GU\" >Guam<\/option><option value=\"GG\" >Guernesey<\/option><option value=\"IN\" >Inde<\/option><option value=\"JE\" >Jersey<\/option><option value=\"KW\" >Kowe\u00eft<\/option><option value=\"MQ\" >Martinique<\/option><option value=\"NF\" >\u00cele Norfolk<\/option><option value=\"MP\" >Mariannes du Nord (\u00celes)<\/option><option value=\"PS\" >Territoire palestinien<\/option><option value=\"ST\" >S\u00e3o Tom\u00e9 et Pr\u00edncipe<\/option><option value=\"BL\" >Saint Barth\u00e9lemy<\/option><option value=\"KN\" >Saint-Kitts-et-Nevis<\/option><option value=\"SX\" >Saint Martin (partie n\u00e9erlandaise)<\/option><option value=\"PM\" >Saint-Pierre et Miquelon<\/option><option value=\"VC\" >Saint-Vincent-et-les-Grenadines<\/option><option value=\"UM\" >\u00c9tats-Unis (US) \u00celes mineures \u00e9loign\u00e9es<\/option><\/select><noscript><button type=\"submit\" name=\"woocommerce_checkout_update_totals\" value=\"\u0395\u03bd\u03b7\u03bc\u03ad\u03c1\u03c9\u03c3\u03b7 \u03c7\u03ce\u03c1\u03b1\u03c2 \/ \u03c0\u03b5\u03c1\u03b9\u03bf\u03c7\u03ae\u03c2\">Informations sur le pays \/ la r\u00e9gion<\/button><\/noscript><\/span><\/p><p class=\"form-row b2bking_custom_registration_field b2bking_custom_field_req_required\" id=\"billing_state_field\" data-priority=\"\"><span class=\"woocommerce-input-wrapper\"><select name=\"billing_state\" id=\"billing_state\" class=\"state_select\"  data-placeholder=\"\u03a0\u03bf\u03bb\u03b9\u03c4\u03b5\u03af\u03b1 \/ \u039a\u03bf\u03bc\u03b7\u03c4\u03b5\u03af\u03b1\"  data-input-classes=\"\" >\n\t\t\t\t\t\t<option value=\"\">Faites un choix...<\/option><option value=\"I\" >Attique<\/option><option value=\"A\" >Mac\u00e9doine orientale et Thrace<\/option><option value=\"B\" >Mac\u00e9doine centrale<\/option><option value=\"C\" >Mac\u00e9doine occidentale<\/option><option value=\"D\" >\u00c9pire<\/option><option value=\"E\" >Thessalie<\/option><option value=\"F\" >\u00celes Ioniennes<\/option><option value=\"G\" >Gr\u00e8ce occidentale<\/option><option value=\"H\" >Gr\u00e8ce centrale<\/option><option value=\"J\" >P\u00e9loponn\u00e8se<\/option><option value=\"K\" >Mer \u00c9g\u00e9e du Nord<\/option><option value=\"L\" >Sud de la mer \u00c9g\u00e9e<\/option><option value=\"M\" >Cr\u00e8te<\/option><\/select><\/span><\/p><input type=\"hidden\" id=\"b2bking_country_registration_field_number\" name=\"b2bking_country_registration_field_number\" value=\"2150\"><\/p><\/div><div class=\"b2bking_custom_registration_container b2bking_custom_registration_allroles\"><p class=\"woocommerce-form-row woocommerce-form-row--wide form-row form-row-wide\"><label for=\"b2bking_field_2147\">Ville&nbsp;<span class=\"required\">*<\/span><\/label><input type=\"text\" id=\"b2bking_field_2147\" class=\"b2bking_custom_registration_field b2bking_custom_field_req_required\" name=\"b2bking_custom_field_2147\" value=\"\" placeholder=\"Entrez votre ville ici...\" required><\/p><\/div><div class=\"b2bking_custom_registration_container b2bking_custom_registration_allroles\"><p class=\"woocommerce-form-row woocommerce-form-row--wide form-row form-row-wide\"><label for=\"b2bking_field_2148\">Code postal \/ ZIP&nbsp;<span class=\"required\">*<\/span><\/label><input type=\"text\" id=\"b2bking_field_2148\" class=\"b2bking_custom_registration_field b2bking_custom_field_req_required\" name=\"b2bking_custom_field_2148\" value=\"\" placeholder=\"Saisissez ici votre code postal \/ ZIP...\" required><\/p><\/div><div class=\"b2bking_custom_registration_container b2bking_custom_registration_allroles\"><p class=\"woocommerce-form-row woocommerce-form-row--wide form-row form-row-wide\"><label for=\"b2bking_field_2149\">num\u00e9ro de t\u00e9l\u00e9phone&nbsp;<span class=\"required\">*<\/span><\/label><input id=\"b2bking_field_2149\" type=\"tel\" class=\"b2bking_custom_registration_field b2bking_custom_field_req_required\" name=\"b2bking_custom_field_2149\" value=\"\" placeholder=\"Entrez votre t\u00e9l\u00e9phone ici...\" required><\/p><\/div><wc-order-attribution-inputs><\/wc-order-attribution-inputs><div class=\"woocommerce-privacy-policy-text\"><p>Vos donn\u00e9es personnelles seront utilis\u00e9es pour faciliter votre exp\u00e9rience sur le site, pour g\u00e9rer l'acc\u00e8s \u00e0 votre compte et \u00e0 d'autres fins d\u00e9crites \u00e0 la page <a href=\"https:\/\/yamastik.com\/fr\/?page_id=1726\" class=\"woocommerce-privacy-policy-link\" target=\"_blank\">politique de confidentialit\u00e9<\/a>.<\/p>\n<\/div>\r\n\t\t\t\t\t<p class=\"woocommerce-form-row form-row\">\r\n\t\t\t\t\t\t<input type=\"hidden\" id=\"woocommerce-register-nonce\" name=\"woocommerce-register-nonce\" value=\"33ea48592a\" \/><input type=\"hidden\" name=\"_wp_http_referer\" value=\"\/b2b-login-and-registrations\/\" \/>\t\t\t\t\t\t<button type=\"submit\" class=\"woocommerce-Button woocommerce-button button woocommerce-form-register__submit\" name=\"register\" value=\"\u0395\u03b3\u03b3\u03c1\u03b1\u03c6\u03ae\">S'inscrire \u00e0<\/button>\r\n\t\t\t\t\t<\/p>\r\n\r\n\t\t\t\t\t\r\n\t\t\t\t<input type=\"hidden\" name=\"trp-form-language\" value=\"fr\"\/><\/form>\r\n\t\t\t<\/div>\r\n\t\t\t<\/span><\/span><\/span><\/span><\/span><\/span><\/span><\/span><\/span><\/span><\/p><\/div>\n\t\t\t\t<\/div>\n\t\t\t\t\t\t\t\t<\/div>\n\t\t\t\t\t\t<\/div>\n\t\t\t\t<\/div>\n\t\t\t\t\t<\/div>\n\t\t\t\t<\/div>\n\t\t\t\t\t<\/div>\n\t\t\t\t<\/div>\n\t\t\t\t<\/div>","protected":false},"excerpt":{"rendered":"<p>INSCRIPTIONS<\/p>","protected":false},"author":235,"featured_media":0,"parent":0,"menu_order":0,"comment_status":"closed","ping_status":"closed","template":"","meta":{"_acf_changed":false,"footnotes":""},"class_list":["post-2203","page","type-page","status-publish","hentry"],"acf":[],"_links":{"self":[{"href":"https:\/\/yamastik.com\/fr\/wp-json\/wp\/v2\/pages\/2203"}],"collection":[{"href":"https:\/\/yamastik.com\/fr\/wp-json\/wp\/v2\/pages"}],"about":[{"href":"https:\/\/yamastik.com\/fr\/wp-json\/wp\/v2\/types\/page"}],"author":[{"embeddable":true,"href":"https:\/\/yamastik.com\/fr\/wp-json\/wp\/v2\/users\/235"}],"replies":[{"embeddable":true,"href":"https:\/\/yamastik.com\/fr\/wp-json\/wp\/v2\/comments?post=2203"}],"version-history":[{"count":0,"href":"https:\/\/yamastik.com\/fr\/wp-json\/wp\/v2\/pages\/2203\/revisions"}],"wp:attachment":[{"href":"https:\/\/yamastik.com\/fr\/wp-json\/wp\/v2\/media?parent=2203"}],"curies":[{"name":"wp","href":"https:\/\/api.w.org\/{rel}","templated":true}]}}