{"id":67,"date":"2016-07-14T20:48:41","date_gmt":"2016-07-14T17:48:41","guid":{"rendered":"https:\/\/yamastik.gr\/?page_id=67"},"modified":"2024-09-09T09:53:32","modified_gmt":"2024-09-09T06:53:32","slug":"support","status":"publish","type":"page","link":"https:\/\/yamastik.com\/fr\/support\/","title":{"rendered":"Service"},"content":{"rendered":"<div data-elementor-type=\"wp-page\" data-elementor-id=\"67\" class=\"elementor elementor-67\" data-elementor-post-type=\"page\">\n\t\t\t\t<div class=\"elementor-element elementor-element-09da3b1 e-flex e-con-boxed e-con e-parent\" data-id=\"09da3b1\" data-element_type=\"container\" data-e-type=\"container\" id=\"tech-support\">\n\t\t\t\t\t<div class=\"e-con-inner\">\n\t\t\t\t<div class=\"elementor-element elementor-element-606798c elementor-widget elementor-widget-text-editor\" data-id=\"606798c\" data-element_type=\"widget\" data-e-type=\"widget\" id=\"tech-support\" data-widget_type=\"text-editor.default\">\n\t\t\t\t<div class=\"elementor-widget-container\">\n\t\t\t\t\t\t\t\t\t<h2><strong>Support technique<\/strong><\/h2><p>Notre principale priorit\u00e9 est l'am\u00e9lioration continue de notre service, afin de fournir des solutions fonctionnelles et modernes, tout en maintenant les normes de qualit\u00e9 \u00e9lev\u00e9es qui caract\u00e9risent Yamastik.<\/p><p>Un accent particulier est mis sur le service et le service apr\u00e8s-vente. Des \u00e9lectroniciens et des techniciens sp\u00e9cialis\u00e9s et exp\u00e9riment\u00e9s assurent une couverture continue et fiable, tant en termes de pi\u00e8ces d\u00e9tach\u00e9es que d'entretien des machines. Nous assurons une couverture technique sur tous nos mod\u00e8les en offrant une gamme compl\u00e8te de pi\u00e8ces d\u00e9tach\u00e9es, quelle que soit l'ann\u00e9e de fabrication.<\/p>\t\t\t\t\t\t\t\t<\/div>\n\t\t\t\t<\/div>\n\t\t\t\t\t<\/div>\n\t\t\t\t<\/div>\n\t\t<div class=\"elementor-element elementor-element-ca063ea e-flex e-con-boxed e-con e-parent\" data-id=\"ca063ea\" data-element_type=\"container\" data-e-type=\"container\">\n\t\t\t\t\t<div class=\"e-con-inner\">\n\t\t\t\t<div class=\"elementor-element elementor-element-77dab86 elementor-widget elementor-widget-text-editor\" data-id=\"77dab86\" data-element_type=\"widget\" data-e-type=\"widget\" data-widget_type=\"text-editor.default\">\n\t\t\t\t<div class=\"elementor-widget-container\">\n\t\t\t\t\t\t\t\t\t<h2>Soutien aux d\u00e9l\u00e9gu\u00e9s<\/h2><p>Notre objectif est d'identifier les outils les plus efficaces pour soutenir nos partenaires du r\u00e9seau et leurs clients.<\/p><p>La coop\u00e9ration humaine et le service personnalis\u00e9 sont des valeurs fondamentales pour nous et pour nos partenaires dans les magasins locaux.<\/p><p>Les techniciens de notre entreprise soutiennent notre r\u00e9seau de concessionnaires et veillent \u00e0 ce qu'ils restent \u00e0 jour et am\u00e9liorent les outils et les services qu'ils proposent.<\/p>\t\t\t\t\t\t\t\t<\/div>\n\t\t\t\t<\/div>\n\t\t\t\t\t<\/div>\n\t\t\t\t<\/div>\n\t\t<div class=\"elementor-element elementor-element-2e26ef6 e-flex e-con-boxed e-con e-parent\" data-id=\"2e26ef6\" data-element_type=\"container\" data-e-type=\"container\" id=\"payment-methods\">\n\t\t\t\t\t<div class=\"e-con-inner\">\n\t\t\t\t<div class=\"elementor-element elementor-element-a218b82 elementor-widget elementor-widget-text-editor\" data-id=\"a218b82\" data-element_type=\"widget\" data-e-type=\"widget\" id=\"payment-methods\" data-widget_type=\"text-editor.default\">\n\t\t\t\t<div class=\"elementor-widget-container\">\n\t\t\t\t\t\t\t\t\t<h2><strong>Modes de paiement\u00a0<\/strong><\/h2><p><strong>1. d\u00e9p\u00f4t sur un compte bancaire<\/strong><\/p><p>Vous pouvez verser le prix de vente et les autres frais convenus sur les comptes suivants de notre soci\u00e9t\u00e9 <strong>YAMASTIK<\/strong> <strong>IKE<\/strong><strong>.<\/strong><\/p><p><strong>BANQUE<\/strong><strong>\u00a0\u00a0\u00a0\u00a0\u00a0\u00a0\u00a0\u00a0\u00a0 IBAN<\/strong><\/p><p>PIR\u00c9E : GR980172750000<strong>5750101188776<\/strong><\/p><p>ALPHA : GR4301406890<strong>689002330003571<\/strong><\/p><p>NATIONALIT\u00c9 : GR54011020500000<strong>20501440539<\/strong><\/p><p>\u03a0\u0391\u0393\u039a\u03a1\u0397\u03a4\u0399\u0391: GR340870010000030000<strong>3407911<\/strong><\/p><p>Veuillez ajouter votre nom complet \u00e0 la raison de votre d\u00e9p\u00f4t et envoyez le bordereau de d\u00e9p\u00f4t \u00e0 l'adresse \u00e9lectronique suivante <a href=\"mailto:info@yamastik.gr\">info@yamastik.gr<\/a> ou par FAX au 2810 380954 ou par t\u00e9l\u00e9phone au 2810 380955.<\/p><p><strong>2.Remplacement\u00a0\u00a0\u00a0\u00a0\u00a0\u00a0\u00a0\u00a0\u00a0\u00a0\u00a0\u00a0\u00a0\u00a0\u00a0\u00a0\u00a0\u00a0\u00a0\u00a0\u00a0 <\/strong><\/p><p>Les produits envoy\u00e9s par courrier peuvent \u00eatre pay\u00e9s \u00e0 la livraison.<\/p><p><strong>3.Encaissement<\/strong><\/p><p>D\u00e8s r\u00e9ception au si\u00e8ge de notre soci\u00e9t\u00e9 \u00e0 VI.PE.Heraklion, Cr\u00e8te, rue M8, vous pouvez payer en esp\u00e8ces.<\/p>\t\t\t\t\t\t\t\t<\/div>\n\t\t\t\t<\/div>\n\t\t\t\t\t<\/div>\n\t\t\t\t<\/div>\n\t\t<div class=\"elementor-element elementor-element-9df38e9 e-flex e-con-boxed e-con e-parent\" data-id=\"9df38e9\" data-element_type=\"container\" data-e-type=\"container\" id=\"shipping\">\n\t\t\t\t\t<div class=\"e-con-inner\">\n\t\t\t\t<div class=\"elementor-element elementor-element-69a826d elementor-widget elementor-widget-text-editor\" data-id=\"69a826d\" data-element_type=\"widget\" data-e-type=\"widget\" id=\"shipping\" data-widget_type=\"text-editor.default\">\n\t\t\t\t<div class=\"elementor-widget-container\">\n\t\t\t\t\t\t\t\t\t<h2><strong>Transferts et livraisons<\/strong><\/h2><p>Nous exp\u00e9dions des produits dans toute la Gr\u00e8ce.<\/p><p><strong>Par courrier (1-3 jours ouvrables).<\/strong><br \/>Les frais d'exp\u00e9dition des petits colis par coursier s'\u00e9l\u00e8vent \u00e0 5 \u20ac pour toute la Gr\u00e8ce. Les frais peuvent d\u00e9passer ce montant en raison du volume des produits. Dans tous les cas, si les frais d'exp\u00e9dition changent, nous vous en informerons par t\u00e9l\u00e9phone.<\/p><p><strong>Par agence de transport (2-4 jours ouvrables et livraison \u00e0 votre si\u00e8ge).<\/strong>\u00a0\u00a0\u00a0\u00a0\u00a0\u00a0\u00a0\u00a0\u00a0\u00a0<\/p><p>Les frais d'exp\u00e9dition par agence de transport sont disponibles sur demande.<\/p><p><strong>Accus\u00e9 de r\u00e9ception du si\u00e8ge de <\/strong><strong>YAMASTIK<\/strong><strong>.<\/strong><\/p><p><strong>\u00a0<\/strong><\/p><p>Vous pouvez \u00e9galement retirer vos commandes au <strong>si\u00e8ge de notre soci\u00e9t\u00e9 <\/strong><strong>\u00e0 Bi.PE. Heraklion Crete M8 Street.<\/strong> Dans ce cas, veuillez nous contacter pour vous assurer que votre commande est pr\u00eate.<\/p><p>Droits de propri\u00e9t\u00e9 intellectuelle<\/p><p>\u00a0Tout le contenu de la boutique en ligne, y compris les titres distinctifs, les marques de commerce, les marques, les images, les graphiques, les photographies, les dessins, les textes, etc. constituent la propri\u00e9t\u00e9 intellectuelle de l'ENTREPRISE et sont prot\u00e9g\u00e9s conform\u00e9ment aux dispositions pertinentes de la loi grecque, de la loi europ\u00e9enne et des conventions internationales ou de la propri\u00e9t\u00e9 intellectuelle de tiers pour laquelle l'ENTREPRISE a obtenu une licence pour ses propres besoins exclusifs et pour l'exploitation de la boutique en ligne.<\/p><p>Toute copie, tout transfert ou toute cr\u00e9ation d'\u0153uvres d\u00e9riv\u00e9es bas\u00e9es sur ce contenu ou visant \u00e0 tromper le public sur le fournisseur r\u00e9el de la boutique en ligne sont interdits. La reproduction, la republication, la r\u00e9\u00e9dition, le t\u00e9l\u00e9chargement, la communication, la diffusion ou la transmission ou toute autre utilisation du contenu de quelque mani\u00e8re que ce soit \u00e0 des fins commerciales ou autres n'est autoris\u00e9e qu'avec le consentement \u00e9crit pr\u00e9alable de la SOCI\u00c9T\u00c9 ou de tout autre d\u00e9tenteur de droits d'auteur. Les noms, images, logos et caract\u00e9ristiques distinctives \u00e9num\u00e9r\u00e9s et d\u00e9crivant la boutique en ligne sous la marque YAMASTIK ou les produits ou services de la SOCI\u00c9T\u00c9 ou de tiers sont la propri\u00e9t\u00e9 de la SOCI\u00c9T\u00c9 ou de tiers respectivement, prot\u00e9g\u00e9s par les lois sur les marques d\u00e9pos\u00e9es pertinentes. Leur utilisation dans la boutique en ligne n'accorde en aucun cas une licence ou un droit d'utilisation par des tiers.<\/p>\t\t\t\t\t\t\t\t<\/div>\n\t\t\t\t<\/div>\n\t\t\t\t\t<\/div>\n\t\t\t\t<\/div>\n\t\t\t\t<\/div>","protected":false},"excerpt":{"rendered":"<p>Support technique Notre principale priorit\u00e9 est l'am\u00e9lioration continue de notre service, afin de fournir des solutions fonctionnelles et modernes, tout en maintenant les normes de qualit\u00e9 \u00e9lev\u00e9es qui caract\u00e9risent Yamastik. Une attention particuli\u00e8re est accord\u00e9e au domaine du service et du service apr\u00e8s-vente. Un personnel \u00e9lectronique et technique sp\u00e9cialis\u00e9 et exp\u00e9riment\u00e9 assure une couverture continue et fiable, [...]<\/p>","protected":false},"author":1,"featured_media":0,"parent":0,"menu_order":0,"comment_status":"closed","ping_status":"closed","template":"","meta":{"_acf_changed":false,"footnotes":""},"class_list":["post-67","page","type-page","status-publish","hentry"],"acf":[],"_links":{"self":[{"href":"https:\/\/yamastik.com\/fr\/wp-json\/wp\/v2\/pages\/67"}],"collection":[{"href":"https:\/\/yamastik.com\/fr\/wp-json\/wp\/v2\/pages"}],"about":[{"href":"https:\/\/yamastik.com\/fr\/wp-json\/wp\/v2\/types\/page"}],"author":[{"embeddable":true,"href":"https:\/\/yamastik.com\/fr\/wp-json\/wp\/v2\/users\/1"}],"replies":[{"embeddable":true,"href":"https:\/\/yamastik.com\/fr\/wp-json\/wp\/v2\/comments?post=67"}],"version-history":[{"count":2,"href":"https:\/\/yamastik.com\/fr\/wp-json\/wp\/v2\/pages\/67\/revisions"}],"predecessor-version":[{"id":2928,"href":"https:\/\/yamastik.com\/fr\/wp-json\/wp\/v2\/pages\/67\/revisions\/2928"}],"wp:attachment":[{"href":"https:\/\/yamastik.com\/fr\/wp-json\/wp\/v2\/media?parent=67"}],"curies":[{"name":"wp","href":"https:\/\/api.w.org\/{rel}","templated":true}]}}