{"id":42,"date":"2016-07-14T20:38:26","date_gmt":"2016-07-14T17:38:26","guid":{"rendered":"https:\/\/yamastik.gr\/?page_id=42"},"modified":"2024-08-21T16:45:22","modified_gmt":"2024-08-21T13:45:22","slug":"company","status":"publish","type":"page","link":"https:\/\/yamastik.com\/it\/company\/","title":{"rendered":"Profilo"},"content":{"rendered":"<div data-elementor-type=\"wp-page\" data-elementor-id=\"42\" class=\"elementor elementor-42\" data-elementor-post-type=\"page\">\n\t\t\t\t<div class=\"elementor-element elementor-element-3c400f4 e-con-full e-flex e-con e-parent\" data-id=\"3c400f4\" data-element_type=\"container\" data-e-type=\"container\">\n\t\t\t\t<div class=\"elementor-element elementor-element-53e0986 elementor-widget elementor-widget-text-editor\" data-id=\"53e0986\" data-element_type=\"widget\" data-e-type=\"widget\" data-widget_type=\"text-editor.default\">\n\t\t\t\t<div class=\"elementor-widget-container\">\n\t\t\t\t\t\t\t\t\t<h2><strong>La storia <\/strong><\/h2><p>Yamastik \u00e8 stata fondata nel 1984 da Konstantinos Giamakis. All'epoca costru\u00ec il primo abbacchiatore di olive al mondo azionato elettricamente, mentre era impegnato in una continua ricerca e progettazione per la produzione e la commercializzazione di una serie di altri strumenti agricoli innovativi.<\/p><p>Da allora, Yamastik aggiorna e migliora costantemente tutti i suoi prodotti e ne produce di nuovi, dopo continue ricerche e test. Cos\u00ec, Yamastik ha giustamente identificato il suo nome con lo sviluppo creativo del settore agricolo in Grecia. \u00c8 sempre accanto all'agricoltore con macchine innovative che lo aiutano nel suo lavoro, migliorano la sua qualit\u00e0 di vita e aumentano la sua produttivit\u00e0. Avendo una vasta rete di partner in Grecia e all'estero, \u00e8 sempre vicina ai suoi clienti, fornendo loro un'assistenza tecnica immediata e specializzata.\u00a0<\/p><p>Yamastik \u00e8 ora attiva in molti altri settori e non solo in quello agricolo. Oltre ai macchinari agricoli per la raccolta, la potatura, il trasporto, la lavorazione ecc. che produce, fornisce anche soluzioni per i circuiti elettronici e produce un'ampia gamma di materie plastiche. Tutti i componenti sono progettati, fabbricati, assemblati e testati da Yamastik. Utilizzando moderni macchinari di alta precisione, combinati con componenti selezionati di alta precisione, Yamastik \u00e8 in grado di offrire un'ampia gamma di prodotti.<br \/>materie prime di qualit\u00e0 e personale ben addestrato, garantisce un funzionamento eccellente e ininterrotto dei suoi prodotti per molti anni.<\/p><p>\u00a0<\/p><h2><strong>Visione <\/strong><\/h2><p>La nostra filosofia \u00e8:<\/p><p>Affidabilit\u00e0, innovazione, valori umani.<\/p><p>I nostri obiettivi sono:<\/p><ul><li>nuovi prodotti<\/li><li>il miglioramento continuo di<br \/>Prodotti<\/li><li>clienti felici<\/li><li>i partner felici<\/li><li>i nuovi mercati<\/li><\/ul><p>\u00a0<\/p><h2><strong>Valori <\/strong><\/h2><p>I valori su cui ci basiamo sono:<\/p><ul><li>Onest\u00e0<\/li><\/ul><p>Le nostre azioni e parole sono caratterizzate da trasparenza, onest\u00e0 e coerenza. Manteniamo tutti i nostri impegni, tutti i nostri obblighi e tutte le nostre promesse senza alcuna deviazione. Conduciamo sempre le nostre attivit\u00e0 commerciali in modo onesto e imparziale.<\/p><ul><li>Lavoro di squadra<\/li><\/ul><p>Crediamo che i risultati del gruppo siano sempre migliori dei risultati individuali dei singoli che lo compongono. Per questo motivo cerchiamo di creare e mantenere relazioni aperte, positive e amichevoli tra i dipendenti, perch\u00e9 questo rende pi\u00f9 facile e piacevole la collaborazione reciproca e il raggiungimento dei migliori risultati. Incoraggiamo inoltre il dialogo costruttivo e diamo a tutti il diritto di esprimersi liberamente.<\/p><ul><li>Avanguardia<\/li><\/ul><p>L'innovazione \u00e8 per noi un impegno costante. Siamo sempre alla ricerca di nuovi modi per sviluppare nuovi prodotti, ma anche per migliorare le infrastrutture e i processi. Siamo interessati a nuove idee e processi e incoraggiamo i nostri partner e clienti a pensare e proporre nuove idee. Sosteniamo la creativit\u00e0 di tutti e crediamo che ognuno dei nostri dipendenti possa aiutarci e contribuire al nostro continuo miglioramento.<\/p><ul><li>Si concentri sul cliente<\/li><\/ul><p>Cerchiamo sempre di anticipare e soddisfare le esigenze e le aspettative attuali e potenziali dei nostri clienti. Ci interessiamo alle esigenze dei nostri clienti e li serviamo con professionalit\u00e0, cortesia e pazienza. Condividiamo con loro le conoscenze che abbiamo e formiamo i nostri clienti per risolvere alcuni potenziali problemi, aggiungendo valore alla nostra partnership. Creiamo un rapporto di fiducia senza vantaggi temporanei, che mira a una collaborazione a lungo termine con vantaggi per tutti.<\/p><ul><li>Apprendimento continuo<\/li><\/ul><p>Yamastik \u00e8 un'azienda che impara costantemente. L'apprendimento si applica a tutte le attivit\u00e0 dell'azienda, sia a livello di team che individuale. Impariamo dai nostri errori e dai nostri successi e utilizziamo questa conoscenza per migliorare. Adattiamo costantemente la nostra struttura e i nostri processi alle nuove circostanze, senza pregiudizi e tab\u00f9 e senza attaccamento fanatico al passato.<\/p><ul><li>Responsabilit\u00e0 sociale<\/li><\/ul><p>Per Yamastik, il benessere sociale \u00e8 indissolubilmente legato al suo percorso di sviluppo. In questo contesto, consideriamo moralmente imperativo incorporare gli imperativi della Responsabilit\u00e0 Sociale d'Impresa nelle nostre operazioni commerciali. Con le azioni che intraprendiamo, poniamo le Persone e la Societ\u00e0 al centro della nostra politica, investendo sempre nel rispetto dei dipendenti, nella promozione del volontariato, nelle questioni di salute e sicurezza e nell'attenzione alla tutela dell'ambiente.<\/p><p>\u00a0<\/p><h2><strong>Responsabilit\u00e0 sociale d'impresa<\/strong><\/h2><p>La necessit\u00e0 di restituire alla societ\u00e0 si riflette nella filosofia di Yamastik.<\/p><p>La nostra priorit\u00e0 \u00e8 l'essere umano, il suo benessere e il suo sviluppo, sia a livello individuale che come parte di una comunit\u00e0 pi\u00f9 ampia. Partendo da questo presupposto, Yamastik offre i suoi servizi in un'ampia gamma di funzioni per perseguire lo sviluppo rurale e il contributo alle persone.<br \/>e in natura.<\/p><p>In Yamastik, fin dall'inizio, abbiamo integrato attivamente gli imperativi della responsabilit\u00e0 sociale nelle nostre attivit\u00e0. Poniamo l'accento sulla tutela dell'ambiente, sulla lotta contro l'esclusione sociale, sulla politica di pari opportunit\u00e0 nella<br \/>e di promuovere rapporti di fiducia reciproca e di cooperazione con le comunit\u00e0 locali in cui operiamo. Riconoscendo la nostra responsabilit\u00e0 e tenendo conto della natura della nostra attivit\u00e0, concentriamo la nostra attenzione, tra l'altro, sulle aree della protezione ambientale, della salute e della sicurezza.<\/p><p>Riconoscendo la nostra responsabilit\u00e0 e tenendo conto della natura della nostra attivit\u00e0, concentriamo la nostra attenzione sulla protezione dell'ambiente. Le nostre macchine sono in linea con la politica ambientale della nostra azienda, che mira a essere un fattore essenziale dello sviluppo sostenibile.<\/p>\t\t\t\t\t\t\t\t<\/div>\n\t\t\t\t<\/div>\n\t\t\t\t<\/div>\n\t\t\t\t<\/div>","protected":false},"excerpt":{"rendered":"<p>Storia Yamastik \u00e8 stata fondata nel 1984 da Konstantinos Giamakis. All'epoca costru\u00ec il primo abbacchiatore di olive al mondo azionato elettricamente e, allo stesso tempo, si impegn\u00f2 in una continua ricerca e progettazione per produrre e commercializzare una serie di altri strumenti agricoli innovativi. Da allora, Yamastik ha costantemente aggiornato e migliorato tutti [...]<\/p>","protected":false},"author":1,"featured_media":0,"parent":0,"menu_order":0,"comment_status":"closed","ping_status":"closed","template":"","meta":{"_acf_changed":false,"footnotes":""},"class_list":["post-42","page","type-page","status-publish","hentry"],"acf":[],"_links":{"self":[{"href":"https:\/\/yamastik.com\/it\/wp-json\/wp\/v2\/pages\/42"}],"collection":[{"href":"https:\/\/yamastik.com\/it\/wp-json\/wp\/v2\/pages"}],"about":[{"href":"https:\/\/yamastik.com\/it\/wp-json\/wp\/v2\/types\/page"}],"author":[{"embeddable":true,"href":"https:\/\/yamastik.com\/it\/wp-json\/wp\/v2\/users\/1"}],"replies":[{"embeddable":true,"href":"https:\/\/yamastik.com\/it\/wp-json\/wp\/v2\/comments?post=42"}],"version-history":[{"count":2,"href":"https:\/\/yamastik.com\/it\/wp-json\/wp\/v2\/pages\/42\/revisions"}],"predecessor-version":[{"id":2725,"href":"https:\/\/yamastik.com\/it\/wp-json\/wp\/v2\/pages\/42\/revisions\/2725"}],"wp:attachment":[{"href":"https:\/\/yamastik.com\/it\/wp-json\/wp\/v2\/media?parent=42"}],"curies":[{"name":"wp","href":"https:\/\/api.w.org\/{rel}","templated":true}]}}