{"id":44,"date":"2016-07-14T20:38:43","date_gmt":"2016-07-14T17:38:43","guid":{"rendered":"https:\/\/yamastik.gr\/?page_id=44"},"modified":"2024-08-21T16:46:02","modified_gmt":"2024-08-21T13:46:02","slug":"quality","status":"publish","type":"page","link":"https:\/\/yamastik.com\/it\/company\/quality\/","title":{"rendered":"Qualit\u00e0"},"content":{"rendered":"<div data-elementor-type=\"wp-page\" data-elementor-id=\"44\" class=\"elementor elementor-44\" data-elementor-post-type=\"page\">\n\t\t\t\t<div class=\"elementor-element elementor-element-c5938ff e-flex e-con-boxed e-con e-parent\" data-id=\"c5938ff\" data-element_type=\"container\" data-e-type=\"container\">\n\t\t\t\t\t<div class=\"e-con-inner\">\n\t\t\t\t<div class=\"elementor-element elementor-element-375f467 elementor-widget elementor-widget-text-editor\" data-id=\"375f467\" data-element_type=\"widget\" data-e-type=\"widget\" data-widget_type=\"text-editor.default\">\n\t\t\t\t<div class=\"elementor-widget-container\">\n\t\t\t\t\t\t\t\t\t<h2><strong>Certificati<\/strong><\/h2><p>Lo stabilimento Yamastik, in VI.PE. Heraklion, Creta, dispone di tutti i certificati necessari per una fabbrica moderna, relativi ai sistemi di gestione, ai processi produttivi e ai controlli di qualit\u00e0 dei prodotti.<\/p><p><img fetchpriority=\"high\" decoding=\"async\" class=\"img-responsive aligncenter wp-image-417 size-full\" src=\"https:\/\/yamastik.com\/wp-content\/uploads\/2016\/07\/poiotita-guarantee-iso.jpg\" alt=\"\" width=\"437\" height=\"177\" \/><\/p><p>\u00a0<\/p><h2><strong>Controllo e gestione della qualit\u00e0 <\/strong><\/h2><p>Secondo la politica e la filosofia di base dell'azienda, l'attenzione al cliente, ovvero la piena soddisfazione delle sue esigenze e la fornitura di servizi e prodotti di qualit\u00e0 in base alle sue richieste, \u00e8 uno dei suoi valori fondamentali.<\/p><p>Investendo nell'impegno e nel tempo dei propri dipendenti e partner, Yamastik ritiene di poter soddisfare efficacemente le richieste dei propri clienti. L'Azienda, nell'ambito delle sue attivit\u00e0, rispetta pienamente tutti i requisiti della legislazione.<\/p><p>Il suo obiettivo \u00e8 quello di soddisfare appieno i propri clienti, utilizzando una filosofia che risponde alle loro esigenze e aspettative, concentrandosi sui temi della qualit\u00e0.<\/p><p>Gli obiettivi principali dell'attuazione della Politica della Qualit\u00e0 sono:<\/p><p>Aumentare la soddisfazione dei clienti.<\/p><p>La fornitura di servizi di consulenza di alta qualit\u00e0.<\/p><p>La continua crescita della base clienti.<\/p><p>L'effettiva realizzazione dei progetti intrapresi, in base alle esigenze e ai requisiti dei clienti.<\/p><p>Monitoraggio e controllo efficaci dell'attuazione del progetto<\/p><p>Soddisfare tutti i requisiti legislativi e normativi relativi alle sue attivit\u00e0.<\/p><p>Formazione continua del personale.<\/p><p>Selezione di fornitori e partner per la fornitura di materie prime, materiali e servizi di qualit\u00e0.<\/p><p>Garantire la qualit\u00e0 dei prodotti intermedi e finiti, nonch\u00e9 la certificazione dei prodotti e dei processi produttivi, sulla base di standard europei e internazionali da parte di organizzazioni accreditate e riconosciute a livello internazionale.<\/p><p>\u00a0<\/p><h2><strong>Politica della qualit\u00e0<\/strong><\/h2><p>Essere il gruppo leader, pioniere e interculturale nel nostro settore, con un'attenzione particolare alle persone e al rispetto dell'ambiente.<\/p><p>I valori su cui si basa il funzionamento di Yamastik sono:<\/p><ul><li>Integrit\u00e0<\/li><li>Spirito di squadra<\/li><li>Responsabilit\u00e0 sociale<\/li><li>Avanguardia<\/li><li>Concentrarsi sul cliente<\/li><li>Imprenditorialit\u00e0<\/li><li>Apprendimento continuo<\/li><li>e costituiscono la base per il raggiungimento dei suoi obiettivi strategici:<\/li><li>Espansione continua in nuovi mercati<\/li><li>Creare clienti, partner e consumatori soddisfatti<\/li><li>Organizzazione flessibile<\/li><li>Alta produttivit\u00e0<\/li><li>Politica della qualit\u00e0 totale<\/li><li>Rispondere direttamente agli stimoli del mercato e alle richieste di soluzioni tecniche e servizi integrati; e<\/li><li>Un ambiente di lavoro che promuove il lavoro di squadra e la creativit\u00e0<\/li><\/ul><p>Con l'implementazione del Sistema di Gestione della Qualit\u00e0, la Direzione aziendale si impegna a:<\/p><p>Soddisfare i requisiti dei clienti<\/p><p>Soddisfare i requisiti legali e normativi che regolano i suoi prodotti e servizi.<\/p><p>Il miglioramento continuo dell'efficacia del Sistema di Gestione della Qualit\u00e0<\/p><p>Al fine di raggiungere gli impegni di cui sopra, la Direzione dell'azienda fornisce le risorse necessarie e adotta le misure necessarie per:<\/p><p>Il personale dell'azienda ha una chiara consapevolezza dell'importanza attribuita alla soddisfazione delle esigenze dei clienti.<\/p><p>Il sistema deve essere rivisto a intervalli regolari per garantirne l'efficacia.<\/p><p>Obiettivi specifici, misurabili e raggiungibili da stabilire su base annuale, la cui realizzazione deve essere un impegno per l'azienda e un obbligo per il personale.<\/p><p>Questa politica della qualit\u00e0 deve essere rivista a intervalli regolari.<\/p><p>Questa politica della qualit\u00e0 viene comunicata a tutto il personale dell'azienda<\/p><p>La partecipazione attiva e il contributo di tutto il personale dell'azienda sono considerati un fattore decisivo per il raggiungimento degli obiettivi di Qualit\u00e0.<\/p><p>\u00a0<\/p><h2><strong>Politica ambientale<\/strong><\/h2><p>Obiettivo dell'azienda<\/p><p>Yamastik, un'industria di macchine agricole in costante crescita, riconosce che la crescita economica pu\u00f2 e deve andare di pari passo con un ambiente sano e, pertanto, era ed \u00e8 suo obiettivo coniugare il proprio percorso dinamico con il necessario rispetto per l'ambiente, la sua conservazione, protezione e miglioramento.<\/p>\t\t\t\t\t\t\t\t<\/div>\n\t\t\t\t<\/div>\n\t\t\t\t\t<\/div>\n\t\t\t\t<\/div>\n\t\t\t\t<\/div>","protected":false},"excerpt":{"rendered":"<p>Certificati Lo stabilimento Yamastik, in VI.PE. Heraklion, Creta, dispone di tutti i certificati necessari per una fabbrica moderna, relativi ai sistemi di gestione, ai processi produttivi e ai controlli di qualit\u00e0 dei prodotti.   Controllo e gestione della qualit\u00e0 Secondo la politica e la filosofia di base dell'azienda, l'interesse dell'azienda si concentra sul cliente, cio\u00e8 sulla completa soddisfazione [...]<\/p>","protected":false},"author":1,"featured_media":0,"parent":42,"menu_order":0,"comment_status":"closed","ping_status":"closed","template":"","meta":{"_acf_changed":false,"footnotes":""},"class_list":["post-44","page","type-page","status-publish","hentry"],"acf":[],"_links":{"self":[{"href":"https:\/\/yamastik.com\/it\/wp-json\/wp\/v2\/pages\/44"}],"collection":[{"href":"https:\/\/yamastik.com\/it\/wp-json\/wp\/v2\/pages"}],"about":[{"href":"https:\/\/yamastik.com\/it\/wp-json\/wp\/v2\/types\/page"}],"author":[{"embeddable":true,"href":"https:\/\/yamastik.com\/it\/wp-json\/wp\/v2\/users\/1"}],"replies":[{"embeddable":true,"href":"https:\/\/yamastik.com\/it\/wp-json\/wp\/v2\/comments?post=44"}],"version-history":[{"count":2,"href":"https:\/\/yamastik.com\/it\/wp-json\/wp\/v2\/pages\/44\/revisions"}],"predecessor-version":[{"id":2728,"href":"https:\/\/yamastik.com\/it\/wp-json\/wp\/v2\/pages\/44\/revisions\/2728"}],"up":[{"embeddable":true,"href":"https:\/\/yamastik.com\/it\/wp-json\/wp\/v2\/pages\/42"}],"wp:attachment":[{"href":"https:\/\/yamastik.com\/it\/wp-json\/wp\/v2\/media?parent=44"}],"curies":[{"name":"wp","href":"https:\/\/api.w.org\/{rel}","templated":true}]}}