{"id":46,"date":"2016-07-14T20:38:56","date_gmt":"2016-07-14T17:38:56","guid":{"rendered":"https:\/\/yamastik.gr\/?page_id=46"},"modified":"2024-08-21T16:44:15","modified_gmt":"2024-08-21T13:44:15","slug":"human-resources","status":"publish","type":"page","link":"https:\/\/yamastik.com\/it\/company\/human-resources\/","title":{"rendered":"Risorse umane"},"content":{"rendered":"<div data-elementor-type=\"wp-page\" data-elementor-id=\"46\" class=\"elementor elementor-46\" data-elementor-post-type=\"page\">\n\t\t\t\t<div class=\"elementor-element elementor-element-df152b8 e-flex e-con-boxed e-con e-parent\" data-id=\"df152b8\" data-element_type=\"container\" data-e-type=\"container\">\n\t\t\t\t\t<div class=\"e-con-inner\">\n\t\t\t\t<div class=\"elementor-element elementor-element-00135f4 elementor-widget elementor-widget-text-editor\" data-id=\"00135f4\" data-element_type=\"widget\" data-e-type=\"widget\" data-widget_type=\"text-editor.default\">\n\t\t\t\t<div class=\"elementor-widget-container\">\n\t\t\t\t\t\t\t\t\t<h2><strong>Lavorare in <\/strong><strong>Yamastik<\/strong><\/h2><p>Riconoscendo il contributo delle persone al successo dell'azienda, offriamo un ambiente di lavoro ideale che supporta le diverse esigenze di tutti i dipendenti, sia all'interno che all'esterno dell'azienda, rendendoci un datore di lavoro di elezione. La nostra cultura aziendale \u00e8 caratterizzata da spirito di squadra e sforzo collettivo, incoraggiando al contempo l'iniziativa, la libert\u00e0 e la partecipazione al processo decisionale per sviluppare nuove idee e soluzioni innovative in un ambiente di pari opportunit\u00e0. Investiamo nello sviluppo professionale delle persone attraverso l'istruzione e la formazione continua, creando le condizioni giuste per il miglioramento continuo delle prestazioni dei nostri dipendenti. Cerchiamo di sfruttare al meglio le capacit\u00e0 dei nostri dipendenti, impegnandoci a sviluppare le loro competenze. Offriamo ai nostri dipendenti tutte le opportunit\u00e0 per crescere e svilupparsi all'interno della nostra azienda.<\/p><p>Quando si presentano esigenze di copertura di posizioni o ne vengono create di nuove, prima di cercare dirigenti sul mercato, valutiamo innanzitutto se queste posizioni possono essere occupate all'interno dell'azienda da dipendenti in grado di rispondere. Se abbiamo esaurito tutte le possibilit\u00e0 di coprire un posto vacante internamente, prendiamo in considerazione l'assunzione dal mercato.<\/p><p>Abbiamo a cuore la salute e la sicurezza dei nostri dipendenti. Per raggiungere l'obiettivo di un lavoro che garantisca la salute e la sicurezza dei nostri dipendenti, abbiamo istituito un sistema di garanzia della salute e della sicurezza sul lavoro e di prevenzione dei rischi professionali.<\/p><p>Il nostro obiettivo finale \u00e8 attrarre, sviluppare e mantenere un alto livello di risorse umane.<\/p><h2><strong>Cosa stiamo cercando <\/strong><\/h2><p>La nostra cultura aziendale \u00e8 caratterizzata dallo spirito di squadra e dallo sforzo collettivo, incoraggiando al contempo l'iniziativa, la libert\u00e0 e la partecipazione al processo decisionale per sviluppare nuove idee e soluzioni innovative in un ambiente di pari opportunit\u00e0.<\/p><p>Offriamo alle nostre persone opportunit\u00e0 di crescita professionale e personale.<\/p><p>Nel contesto del nostro continuo sviluppo, siamo interessati a reclutare persone attive con un forte background accademico, che siano guidate dai seguenti valori:<\/p><ul><li>Iniziativa (per il miglioramento continuo)<\/li><li>Onest\u00e0<\/li><li>Lavoro di squadra<\/li><li>Fedelt\u00e0<\/li><li>Occupabilit\u00e0<\/li><\/ul><p>\u00a0<\/p><h2><strong>Invia il tuo CV<\/strong><\/h2><p><a href=\"mailto:info@yamastik.gr\"><strong>info@yamastik.gr<\/strong><\/a><\/p><p><strong>\u00a0<\/strong><\/p><p>PROTEZIONE DEI DATI PERSONALI<\/p><p>Tutte le informazioni contenute nella candidatura e nel curriculum vitae sono considerate strettamente confidenziali e vengono utilizzate esclusivamente allo scopo di valutare le vostre qualifiche, in modo oggettivo e meritocratico, per la vostra opportunit\u00e0 di carriera in Yamastik. La vostra candidatura, cos\u00ec come tutte le informazioni personali fornite, viene inserita nel database dei candidati della societ\u00e0. Queste informazioni sono considerate riservate e non vengono condivise con terzi.<\/p>\t\t\t\t\t\t\t\t<\/div>\n\t\t\t\t<\/div>\n\t\t\t\t\t<\/div>\n\t\t\t\t<\/div>\n\t\t\t\t<\/div>","protected":false},"excerpt":{"rendered":"<p>Lavorare in Yamastik Riconoscendo il contributo delle persone al successo dell'azienda, offriamo un ambiente di lavoro ideale che supporta le diverse esigenze di tutti i dipendenti all'interno e all'esterno dell'azienda, rendendoci un datore di lavoro di elezione. La nostra cultura aziendale \u00e8 caratterizzata dallo spirito di squadra e dallo sforzo collettivo, incoraggiando al contempo l'iniziativa, la libert\u00e0 e la partecipazione [...]<\/p>","protected":false},"author":1,"featured_media":0,"parent":42,"menu_order":0,"comment_status":"closed","ping_status":"closed","template":"","meta":{"_acf_changed":false,"footnotes":""},"class_list":["post-46","page","type-page","status-publish","hentry"],"acf":[],"_links":{"self":[{"href":"https:\/\/yamastik.com\/it\/wp-json\/wp\/v2\/pages\/46"}],"collection":[{"href":"https:\/\/yamastik.com\/it\/wp-json\/wp\/v2\/pages"}],"about":[{"href":"https:\/\/yamastik.com\/it\/wp-json\/wp\/v2\/types\/page"}],"author":[{"embeddable":true,"href":"https:\/\/yamastik.com\/it\/wp-json\/wp\/v2\/users\/1"}],"replies":[{"embeddable":true,"href":"https:\/\/yamastik.com\/it\/wp-json\/wp\/v2\/comments?post=46"}],"version-history":[{"count":2,"href":"https:\/\/yamastik.com\/it\/wp-json\/wp\/v2\/pages\/46\/revisions"}],"predecessor-version":[{"id":2722,"href":"https:\/\/yamastik.com\/it\/wp-json\/wp\/v2\/pages\/46\/revisions\/2722"}],"up":[{"embeddable":true,"href":"https:\/\/yamastik.com\/it\/wp-json\/wp\/v2\/pages\/42"}],"wp:attachment":[{"href":"https:\/\/yamastik.com\/it\/wp-json\/wp\/v2\/media?parent=46"}],"curies":[{"name":"wp","href":"https:\/\/api.w.org\/{rel}","templated":true}]}}