{"id":67,"date":"2016-07-14T20:48:41","date_gmt":"2016-07-14T17:48:41","guid":{"rendered":"https:\/\/yamastik.gr\/?page_id=67"},"modified":"2024-09-09T09:53:32","modified_gmt":"2024-09-09T06:53:32","slug":"support","status":"publish","type":"page","link":"https:\/\/yamastik.com\/it\/support\/","title":{"rendered":"Servizio"},"content":{"rendered":"<div data-elementor-type=\"wp-page\" data-elementor-id=\"67\" class=\"elementor elementor-67\" data-elementor-post-type=\"page\">\n\t\t\t\t<div class=\"elementor-element elementor-element-09da3b1 e-flex e-con-boxed e-con e-parent\" data-id=\"09da3b1\" data-element_type=\"container\" data-e-type=\"container\" id=\"tech-support\">\n\t\t\t\t\t<div class=\"e-con-inner\">\n\t\t\t\t<div class=\"elementor-element elementor-element-606798c elementor-widget elementor-widget-text-editor\" data-id=\"606798c\" data-element_type=\"widget\" data-e-type=\"widget\" id=\"tech-support\" data-widget_type=\"text-editor.default\">\n\t\t\t\t<div class=\"elementor-widget-container\">\n\t\t\t\t\t\t\t\t\t<h2><strong>Assistenza tecnica<\/strong><\/h2><p>La nostra priorit\u00e0 \u00e8 il continuo miglioramento del servizio, al fine di fornire soluzioni funzionali e moderne, mantenendo gli elevati standard qualitativi che caratterizzano Yamastik.<\/p><p>Particolare enfasi \u00e8 posta sull'assistenza e sul servizio post-vendita. Tecnici ed elettronici specializzati ed esperti forniscono una copertura continua e affidabile, sia in termini di ricambi che di manutenzione delle macchine. Forniamo una copertura tecnica su tutti i nostri modelli, offrendo una gamma completa di ricambi, indipendentemente dall'anno di produzione.<\/p>\t\t\t\t\t\t\t\t<\/div>\n\t\t\t\t<\/div>\n\t\t\t\t\t<\/div>\n\t\t\t\t<\/div>\n\t\t<div class=\"elementor-element elementor-element-ca063ea e-flex e-con-boxed e-con e-parent\" data-id=\"ca063ea\" data-element_type=\"container\" data-e-type=\"container\">\n\t\t\t\t\t<div class=\"e-con-inner\">\n\t\t\t\t<div class=\"elementor-element elementor-element-77dab86 elementor-widget elementor-widget-text-editor\" data-id=\"77dab86\" data-element_type=\"widget\" data-e-type=\"widget\" data-widget_type=\"text-editor.default\">\n\t\t\t\t<div class=\"elementor-widget-container\">\n\t\t\t\t\t\t\t\t\t<h2>Supporto dei rappresentanti<\/h2><p>Il nostro obiettivo \u00e8 identificare gli strumenti pi\u00f9 efficaci per supportare i nostri partner di rete e i loro clienti.<\/p><p>La collaborazione umana e il servizio personale sono un valore fondamentale per noi e per i nostri partner nei negozi locali.<\/p><p>I tecnici della nostra azienda supportano la nostra rete di concessionari e si assicurano che siano sempre aggiornati e che aggiornino gli strumenti e i servizi offerti.<\/p>\t\t\t\t\t\t\t\t<\/div>\n\t\t\t\t<\/div>\n\t\t\t\t\t<\/div>\n\t\t\t\t<\/div>\n\t\t<div class=\"elementor-element elementor-element-2e26ef6 e-flex e-con-boxed e-con e-parent\" data-id=\"2e26ef6\" data-element_type=\"container\" data-e-type=\"container\" id=\"payment-methods\">\n\t\t\t\t\t<div class=\"e-con-inner\">\n\t\t\t\t<div class=\"elementor-element elementor-element-a218b82 elementor-widget elementor-widget-text-editor\" data-id=\"a218b82\" data-element_type=\"widget\" data-e-type=\"widget\" id=\"payment-methods\" data-widget_type=\"text-editor.default\">\n\t\t\t\t<div class=\"elementor-widget-container\">\n\t\t\t\t\t\t\t\t\t<h2><strong>Metodi di pagamento\u00a0<\/strong><\/h2><p><strong>1.Deposito in un conto bancario<\/strong><\/p><p>Potete versare il prezzo di vendita e le altre spese concordate sui seguenti conti della nostra societ\u00e0 <strong>YAMASTIK<\/strong> <strong>IKE<\/strong><strong>.<\/strong><\/p><p><strong>BANCA<\/strong><strong>\u00a0\u00a0\u00a0\u00a0\u00a0\u00a0\u00a0\u00a0\u00a0 IBAN<\/strong><\/p><p>PIREO: GR980172750000<strong>5750101188776<\/strong><\/p><p>ALFA: GR4301406890<strong>689002330003571<\/strong><\/p><p>NAZIONALIT\u00c0: GR54011020500000<strong>20501440539<\/strong><\/p><p>\u03a0\u0391\u0393\u039a\u03a1\u0397\u03a4\u0399\u0391: GR340870010000030000<strong>3407911<\/strong><\/p><p>Si prega di aggiungere il proprio nome e cognome alla causale del versamento e di inviare la ricevuta di versamento all'indirizzo e-mail <a href=\"mailto:info@yamastik.gr\">info@yamastik.gr<\/a> oppure via FAX al numero 2810 380954 o chiamando il numero 2810 380955.<\/p><p><strong>2.Sostituzione\u00a0\u00a0\u00a0\u00a0\u00a0\u00a0\u00a0\u00a0\u00a0\u00a0\u00a0\u00a0\u00a0\u00a0\u00a0\u00a0\u00a0\u00a0\u00a0\u00a0\u00a0 <\/strong><\/p><p>I prodotti inviati tramite corriere possono essere pagati alla consegna.<\/p><p><strong>3.Cash<\/strong><\/p><p>Al momento del ricevimento presso la sede della nostra societ\u00e0 in VI.PE.Heraklion, Creta, M8 Street \u00e8 possibile pagare in contanti.<\/p>\t\t\t\t\t\t\t\t<\/div>\n\t\t\t\t<\/div>\n\t\t\t\t\t<\/div>\n\t\t\t\t<\/div>\n\t\t<div class=\"elementor-element elementor-element-9df38e9 e-flex e-con-boxed e-con e-parent\" data-id=\"9df38e9\" data-element_type=\"container\" data-e-type=\"container\" id=\"shipping\">\n\t\t\t\t\t<div class=\"e-con-inner\">\n\t\t\t\t<div class=\"elementor-element elementor-element-69a826d elementor-widget elementor-widget-text-editor\" data-id=\"69a826d\" data-element_type=\"widget\" data-e-type=\"widget\" id=\"shipping\" data-widget_type=\"text-editor.default\">\n\t\t\t\t<div class=\"elementor-widget-container\">\n\t\t\t\t\t\t\t\t\t<h2><strong>Trasferimenti e consegne<\/strong><\/h2><p>Spediamo i prodotti in tutta la Grecia.<\/p><p><strong>Tramite corriere (1-3 giorni lavorativi).<\/strong><br \/>Le spese di spedizione di piccoli pacchi tramite corriere sono di 5 \u20ac per tutta la Grecia. I costi possono superare questo importo a causa del volume dei prodotti. In ogni caso, in caso di variazione delle spese di spedizione, vi informeremo telefonicamente.<\/p><p><strong>Tramite agenzia di trasporto (2-4 giorni lavorativi e consegna presso la vostra sede).<\/strong>\u00a0\u00a0\u00a0\u00a0\u00a0\u00a0\u00a0\u00a0\u00a0\u00a0<\/p><p>I costi di spedizione tramite agenzia di trasporto sono su richiesta.<\/p><p><strong>Ricevuta dalla sede centrale <\/strong><strong>YAMASTIK<\/strong><strong>.<\/strong><\/p><p><strong>\u00a0<\/strong><\/p><p>Potete anche ritirare i vostri ordini presso il <strong>sede della nostra azienda <\/strong><strong>in Bi.P.E. Heraklion Crete M8 Street.<\/strong> In questo caso, vi preghiamo di contattarci per assicurarvi che il vostro ordine sia pronto.<\/p><p>Diritti di propriet\u00e0 intellettuale<\/p><p>\u00a0Tutti i contenuti dell'e-shop, compresi i titoli distintivi, i marchi, le immagini, i grafici, le fotografie, i disegni, i testi, ecc. costituiscono la propriet\u00e0 intellettuale della SOCIET\u00c0 e sono protetti in base alle disposizioni pertinenti della legge greca, della legge europea e delle convenzioni internazionali o della propriet\u00e0 intellettuale di terzi per la quale la SOCIET\u00c0 ha ottenuto una licenza per le proprie esigenze esclusive e per il funzionamento dell'e-shop.<\/p><p>\u00c8 vietato copiare, trasferire o creare opere derivate basate su questi contenuti o ingannare il pubblico sull'effettivo fornitore del negozio online. La riproduzione, la ripubblicazione, il caricamento, la comunicazione, la diffusione o la trasmissione o qualsiasi altro utilizzo del contenuto in qualsiasi modo o mezzo per scopi commerciali o di altro tipo \u00e8 consentito solo previo consenso scritto della SOCIET\u00c0 o di qualsiasi altro titolare del copyright. I nomi, le immagini, i loghi e gli elementi distintivi elencati e che descrivono il negozio online con il marchio YAMASTIK o i prodotti o i servizi della SOCIET\u00c0 o di terzi sono di propriet\u00e0 della SOCIET\u00c0 o di terzi, rispettivamente, protetti dalle relative leggi sui marchi. Il loro utilizzo nel negozio online non concede in alcun modo una licenza o un diritto di utilizzo da parte di terzi.<\/p>\t\t\t\t\t\t\t\t<\/div>\n\t\t\t\t<\/div>\n\t\t\t\t\t<\/div>\n\t\t\t\t<\/div>\n\t\t\t\t<\/div>","protected":false},"excerpt":{"rendered":"<p>Assistenza tecnica La nostra priorit\u00e0 principale \u00e8 il continuo miglioramento del servizio, al fine di fornire soluzioni funzionali e moderne, mantenendo gli elevati standard qualitativi che caratterizzano Yamastik. Particolare attenzione viene data all'area dell'assistenza e del servizio post-vendita. Personale elettronico e tecnico specializzato ed esperto fornisce una copertura continua e affidabile, [...]<\/p>","protected":false},"author":1,"featured_media":0,"parent":0,"menu_order":0,"comment_status":"closed","ping_status":"closed","template":"","meta":{"_acf_changed":false,"footnotes":""},"class_list":["post-67","page","type-page","status-publish","hentry"],"acf":[],"_links":{"self":[{"href":"https:\/\/yamastik.com\/it\/wp-json\/wp\/v2\/pages\/67"}],"collection":[{"href":"https:\/\/yamastik.com\/it\/wp-json\/wp\/v2\/pages"}],"about":[{"href":"https:\/\/yamastik.com\/it\/wp-json\/wp\/v2\/types\/page"}],"author":[{"embeddable":true,"href":"https:\/\/yamastik.com\/it\/wp-json\/wp\/v2\/users\/1"}],"replies":[{"embeddable":true,"href":"https:\/\/yamastik.com\/it\/wp-json\/wp\/v2\/comments?post=67"}],"version-history":[{"count":2,"href":"https:\/\/yamastik.com\/it\/wp-json\/wp\/v2\/pages\/67\/revisions"}],"predecessor-version":[{"id":2928,"href":"https:\/\/yamastik.com\/it\/wp-json\/wp\/v2\/pages\/67\/revisions\/2928"}],"wp:attachment":[{"href":"https:\/\/yamastik.com\/it\/wp-json\/wp\/v2\/media?parent=67"}],"curies":[{"name":"wp","href":"https:\/\/api.w.org\/{rel}","templated":true}]}}