{"id":2203,"date":"2023-09-02T14:11:37","date_gmt":"2023-09-02T11:11:37","guid":{"rendered":"https:\/\/yamastik.com\/?page_id=2203"},"modified":"2023-09-02T19:23:12","modified_gmt":"2023-09-02T16:23:12","slug":"b2b-login-and-registrations","status":"publish","type":"page","link":"https:\/\/yamastik.com\/tr\/b2b-login-and-registrations\/","title":{"rendered":"B2B Login and Registrations"},"content":{"rendered":"<div data-elementor-type=\"wp-page\" data-elementor-id=\"2203\" class=\"elementor elementor-2203\" data-elementor-post-type=\"page\">\n\t\t\t\t<div class=\"elementor-element elementor-element-29fb357 e-flex e-con-boxed e-con e-parent\" data-id=\"29fb357\" data-element_type=\"container\" data-e-type=\"container\">\n\t\t\t\t\t<div class=\"e-con-inner\">\n\t\t<div class=\"elementor-element elementor-element-27113dc e-con-full e-flex e-con e-child\" data-id=\"27113dc\" data-element_type=\"container\" data-e-type=\"container\">\n\t\t\t\t<div class=\"elementor-element elementor-element-06512f6 elementor-widget elementor-widget-shortcode\" data-id=\"06512f6\" data-element_type=\"widget\" data-e-type=\"widget\" data-widget_type=\"shortcode.default\">\n\t\t\t\t<div class=\"elementor-widget-container\">\n\t\t\t\t\t\t\t<div class=\"elementor-shortcode\"><div class=\"woocommerce\"><\/div><\/div>\n\t\t\t\t\t\t<\/div>\n\t\t\t\t<\/div>\n\t\t\t\t<\/div>\n\t\t<div class=\"elementor-element elementor-element-9c35a4c e-flex e-con-boxed e-con e-child\" data-id=\"9c35a4c\" data-element_type=\"container\" data-e-type=\"container\">\n\t\t\t\t\t<div class=\"e-con-inner\">\n\t\t\t\t<div class=\"elementor-element elementor-element-d82457c elementor-widget elementor-widget-accordion\" data-id=\"d82457c\" data-element_type=\"widget\" data-e-type=\"widget\" data-widget_type=\"accordion.default\">\n\t\t\t\t<div class=\"elementor-widget-container\">\n\t\t\t\t\t\t\t<div class=\"elementor-accordion\">\n\t\t\t\t\t\t\t<div class=\"elementor-accordion-item\">\n\t\t\t\t\t<h6 id=\"elementor-tab-title-2261\" class=\"elementor-tab-title\" data-tab=\"1\" role=\"button\" aria-controls=\"elementor-tab-content-2261\" aria-expanded=\"false\">\n\t\t\t\t\t\t\t\t\t\t\t\t<a class=\"elementor-accordion-title\" tabindex=\"0\">KAYITLAR<\/a>\n\t\t\t\t\t<\/h6>\n\t\t\t\t\t<div id=\"elementor-tab-content-2261\" class=\"elementor-tab-content elementor-clearfix\" data-tab=\"1\" role=\"region\" aria-labelledby=\"elementor-tab-title-2261\"><p><span style=\"vertical-align: inherit;\"><span style=\"vertical-align: inherit;\"><span style=\"vertical-align: inherit;\"><span style=\"vertical-align: inherit;\"><span style=\"vertical-align: inherit;\"><span style=\"vertical-align: inherit;\"><span style=\"vertical-align: inherit;\"><span style=\"vertical-align: inherit;\"><span style=\"vertical-align: inherit;\"><span style=\"vertical-align: inherit;\">\t\t\t<h2 class=\"b2bking_b2bregistration_only_register_header\">\r\n\t\t\tAdresinden kay\u0131t olun<\/h2>\r\n\t\t\t<div class=\"woocommerce\">\r\n\t\t\t\t<form method=\"post\" class=\"woocommerce-form woocommerce-form-register register\" enctype=\"multipart\/form-data\" action=\"\" >\r\n\r\n\t\t\t\t\t\r\n\t\t\t\t\t\r\n\t\t\t\t\t\t<p class=\"woocommerce-form-row woocommerce-form-row--wide form-row form-row-wide\">\r\n\t\t\t\t\t\t\t<label for=\"reg_username\">Kullan\u0131c\u0131 ad\u0131&nbsp;<span class=\"required\">*<\/span><\/label>\r\n\t\t\t\t\t\t\t<input type=\"text\" class=\"woocommerce-Input woocommerce-Input--text input-text\" name=\"username\" id=\"reg_username\" autocomplete=\"username\" value=\"\" \/>\r\n\t\t\t\t\t\t<\/p>\r\n\r\n\t\t\t\t\t\r\n\t\t\t\t\t<p class=\"woocommerce-form-row woocommerce-form-row--wide form-row form-row-wide\">\r\n\t\t\t\t\t\t<label for=\"reg_email\">E-posta adresi&nbsp;<span class=\"required\">*<\/span><\/label>\r\n\t\t\t\t\t\t<input type=\"email\" class=\"woocommerce-Input woocommerce-Input--text input-text\" name=\"email\" id=\"reg_email\" autocomplete=\"email\" value=\"\" \/>\r\n\t\t\t\t\t<\/p>\r\n\r\n\t\t\t\t\t\r\n\t\t\t\t\t\t<p class=\"woocommerce-form-row woocommerce-form-row--wide form-row form-row-wide\">\r\n\t\t\t\t\t\t\t<label for=\"reg_password\">\u015eifre \u015eifre&nbsp;<span class=\"required\">*<\/span><\/label>\r\n\t\t\t\t\t\t\t<input type=\"password\" class=\"woocommerce-Input woocommerce-Input--text input-text\" name=\"password\" id=\"reg_password\" autocomplete=\"new-password\" \/>\r\n\t\t\t\t\t\t<\/p>\r\n\r\n\t\t\t\t\t\r\n\t\t\t\t\t\t\t\t\t\t\t<p class=\"woocommerce-form-row woocommerce-form-row--wide form-row form-row-wide b2bking_registration_roles_dropdown_section b2bking_registration_roles_dropdown_section_hidden\">\r\n\t\t\t\t\t\t\t\t\t\t\t\t\t\t<label for=\"b2bking_registration_roles_dropdown\">\r\n\t\t\t\t\t\t\t\tKullan\u0131c\u0131 tipi&nbsp;<span class=\"required\">*<\/span>\r\n\t\t\t\t\t\t\t<\/label>\r\n\t\t\t\t\t\t\t<select id=\"b2bking_registration_roles_dropdown\" name=\"b2bking_registration_roles_dropdown\" required>\r\n\t\t\t\t\t\t\t\t<option value=\"\" >- - Kullan\u0131c\u0131 Rol\u00fcn\u00fc Se\u00e7in - - -<\/option><option value=\"\"  selected='selected'>Bireysel M\u00fc\u015fteri<\/option><option value=\"\" >B2B (onay gerektirir)<\/option>\t\t\t\t\t\t\t<\/select>\r\n\t\t\t\t\t\t<\/p>\r\n\t\t\t\t\t\t<div class=\"b2bking_custom_registration_container b2bking_custom_registration_allroles\"><p class=\"woocommerce-form-row woocommerce-form-row--wide form-row form-row-wide\"><label for=\"b2bking_field_2142\">ilk isim&nbsp;<span class=\"required\">*<\/span><\/label><input type=\"text\" id=\"b2bking_field_2142\" class=\"b2bking_custom_registration_field b2bking_custom_field_req_required\" name=\"b2bking_custom_field_2142\" value=\"\" placeholder=\"\u0130lk ad\u0131n\u0131z\u0131 buraya girin...\" required><\/p><\/div><div class=\"b2bking_custom_registration_container b2bking_custom_registration_allroles\"><p class=\"woocommerce-form-row woocommerce-form-row--wide form-row form-row-wide\"><label for=\"b2bking_field_2143\">Soyad\u0131&nbsp;<span class=\"required\">*<\/span><\/label><input type=\"text\" id=\"b2bking_field_2143\" class=\"b2bking_custom_registration_field b2bking_custom_field_req_required\" name=\"b2bking_custom_field_2143\" value=\"\" placeholder=\"Soyad\u0131n\u0131z\u0131 buraya girin...\" required><\/p><\/div><div class=\"b2bking_custom_registration_container b2bking_custom_registration_allroles\"><p class=\"woocommerce-form-row woocommerce-form-row--wide form-row form-row-wide\"><label for=\"b2bking_field_2144\">\u015e\u0130RKET ADI&nbsp;<\/label><input type=\"text\" id=\"b2bking_field_2144\" class=\"b2bking_custom_registration_field b2bking_custom_field_req_\" name=\"b2bking_custom_field_2144\" value=\"\" placeholder=\"\u015eirketinizin ad\u0131n\u0131 buraya girin...\" ><\/p><\/div><div class=\"b2bking_custom_registration_container b2bking_custom_registration_allroles\"><p class=\"woocommerce-form-row woocommerce-form-row--wide form-row form-row-wide\"><label for=\"b2bking_field_2145\">sokak adresi&nbsp;<span class=\"required\">*<\/span><\/label><input type=\"text\" id=\"b2bking_field_2145\" class=\"b2bking_custom_registration_field b2bking_custom_field_req_required\" name=\"b2bking_custom_field_2145\" value=\"\" placeholder=\"Adresinizi buraya girin...\" required><\/p><\/div><div class=\"b2bking_custom_registration_container b2bking_custom_registration_allroles\"><p class=\"woocommerce-form-row woocommerce-form-row--wide form-row form-row-wide\"><label for=\"b2bking_field_2146\">Adres Hatt\u0131 2&nbsp;<\/label><input type=\"text\" id=\"b2bking_field_2146\" class=\"b2bking_custom_registration_field b2bking_custom_field_req_\" name=\"b2bking_custom_field_2146\" value=\"\" placeholder=\"Adres hatt\u0131 2...\" ><\/p><\/div><div class=\"b2bking_custom_registration_container b2bking_custom_registration_allroles\"><p class=\"woocommerce-form-row woocommerce-form-row--wide form-row form-row-wide b2bking_country_or_state\"><label for=\"b2bking_custom_field_2150\">\u00dclke ve Eyalet&nbsp;<span class=\"required\">*<\/span><\/label><p class=\"form-row b2bking_country_field_selector b2bking_custom_registration_field b2bking_custom_field_req_required b2bking_country_field_req_required\" id=\"b2bking_custom_field_2150_field\" data-priority=\"\"><span class=\"woocommerce-input-wrapper\"><select name=\"b2bking_custom_field_2150\" id=\"b2bking_custom_field_2150\" class=\"country_to_state country_select\"  data-placeholder=\"\u0395\u03c0\u03b9\u03bb\u03ad\u03be\u03c4\u03b5 \u03c7\u03ce\u03c1\u03b1 \/ \u03c0\u03b5\u03c1\u03b9\u03bf\u03c7\u03ae&hellip;\" ><option value=\"\">\u00dclke\/b\u00f6lge se\u00e7in...<\/option><option value=\"SH\" >Agia Eleni<\/option><option value=\"LC\" >Saint Lucia<\/option><option value=\"SM\" >Aziz Marinos<\/option><option value=\"MF\" >Agios Martinos (Frans\u0131z m\u00fclkiyeti)<\/option><option value=\"AO\" >Angola<\/option><option value=\"AZ\" >Azerbaycan<\/option><option value=\"EG\" >M\u0131s\u0131r<\/option><option value=\"ET\" >Etiyopya<\/option><option value=\"HT\" >Haiti<\/option><option value=\"CI\" >Fildi\u015fi Sahili<\/option><option value=\"AL\" >Arnavutluk<\/option><option value=\"DZ\" >Cezayir<\/option><option value=\"AS\" >Amerikan Samoas\u0131<\/option><option value=\"TL\" >Do\u011fu Timor<\/option><option value=\"AD\" >Andorra<\/option><option value=\"AQ\" >Antarktika<\/option><option value=\"AR\" >Arjantin<\/option><option value=\"AM\" >Ermenistan<\/option><option value=\"AW\" >Aruba<\/option><option value=\"AU\" >Avustralya<\/option><option value=\"AT\" >Avusturya<\/option><option value=\"AF\" >Afganistan<\/option><option value=\"VU\" >Vanuatu<\/option><option value=\"VA\" >Vatikan<\/option><option value=\"BE\" >Bel\u00e7ika<\/option><option value=\"VE\" >Venezuela<\/option><option value=\"BM\" >Bermuda<\/option><option value=\"VN\" >Vietnam<\/option><option value=\"BO\" >Bolivya<\/option><option value=\"KP\" >Kuzey Kore<\/option><option value=\"MK\" >Kuzey Makedonya<\/option><option value=\"BA\" >Bosna Hersek<\/option><option value=\"BG\" >Bulgaristan<\/option><option value=\"BR\" >Brezilya<\/option><option value=\"FR\" >Fransa<\/option><option value=\"TF\" >Frans\u0131z G\u00fcney Topraklar\u0131<\/option><option value=\"GF\" >Frans\u0131z Guyanas\u0131<\/option><option value=\"PF\" >Frans\u0131z Polinezyas\u0131<\/option><option value=\"DE\" >Almanya<\/option><option value=\"GE\" >G\u00fcrcistan<\/option><option value=\"GI\" >Cebelitar\u0131k<\/option><option value=\"GM\" >Gambiya<\/option><option value=\"GA\" >Gabon<\/option><option value=\"GH\" >Gana<\/option><option value=\"GT\" >Guatemala<\/option><option value=\"GY\" >Guyana<\/option><option value=\"GN\" >Gine<\/option><option value=\"GW\" >Gine-Bissau<\/option><option value=\"GD\" >Grenada<\/option><option value=\"GL\" >Gr\u00f6nland<\/option><option value=\"DK\" >Danimarka<\/option><option value=\"DM\" >Dominika<\/option><option value=\"DO\" >Dominik Cumhuriyeti<\/option><option value=\"EH\" >Bat\u0131 Sahra<\/option><option value=\"EC\" >Ekvador<\/option><option value=\"SV\" >El Salvador<\/option><option value=\"CH\" >\u0130svi\u00e7re<\/option><option value=\"GR\" >Yunanistan<\/option><option value=\"ER\" >Eritre<\/option><option value=\"EE\" >Estonya<\/option><option value=\"ZM\" >Zambiya<\/option><option value=\"ZW\" >Zimbabve<\/option><option value=\"AE\" >Birle\u015fik Arap Emirlikleri<\/option><option value=\"US\" >Birle\u015fik Devletler (ABD)<\/option><option value=\"GB\" >Birle\u015fik Krall\u0131k (UK)<\/option><option value=\"JP\" >Japonya<\/option><option value=\"ID\" >Endonezya<\/option><option value=\"JO\" >\u00dcrd\u00fcn<\/option><option value=\"IQ\" >Irak<\/option><option value=\"IR\" >\u0130ran<\/option><option value=\"IE\" >\u0130rlanda<\/option><option value=\"GQ\" >Ekvator Ginesi<\/option><option value=\"IS\" >\u0130zlanda<\/option><option value=\"ES\" >\u0130spanya<\/option><option value=\"IL\" >\u0130srail<\/option><option value=\"IT\" >\u0130talya<\/option><option value=\"KZ\" >Kazakistan<\/option><option value=\"CM\" >Kamerun<\/option><option value=\"KH\" >Kambo\u00e7ya<\/option><option value=\"CA\" >Kanada<\/option><option value=\"QA\" >Katar<\/option><option value=\"KY\" >Cayman Adalar\u0131<\/option><option value=\"CF\" >Orta Afrika Cumhuriyeti<\/option><option value=\"KE\" >Kenya<\/option><option value=\"CN\" >\u00c7in<\/option><option value=\"KG\" >K\u0131rg\u0131zistan<\/option><option value=\"KI\" >Kiribati<\/option><option value=\"CO\" >Kolombiya<\/option><option value=\"KM\" >Komorlar<\/option><option value=\"CD\" >Kongo (Kinshasa)<\/option><option value=\"CG\" >Kongo (Brazzaville)<\/option><option value=\"CR\" >Kosta Rika<\/option><option value=\"CU\" >K\u00fcba<\/option><option value=\"CW\" >Curacao<\/option><option value=\"HR\" >H\u0131rvatistan<\/option><option value=\"CY\" >K\u0131br\u0131s<\/option><option value=\"LA\" >Laos<\/option><option value=\"LS\" >Lesotho<\/option><option value=\"LV\" >Letonya<\/option><option value=\"BY\" >Belarus<\/option><option value=\"LB\" >L\u00fcbnan<\/option><option value=\"LR\" >Liberya<\/option><option value=\"LY\" >Libya<\/option><option value=\"LT\" >Litvanya<\/option><option value=\"LI\" >Lihten\u015ftayn<\/option><option value=\"LU\" >L\u00fcksemburg<\/option><option value=\"YT\" >Mayotte<\/option><option value=\"MG\" >Madagaskar<\/option><option value=\"MO\" >Makao<\/option><option value=\"MY\" >Malezya<\/option><option value=\"MW\" >Malavi<\/option><option value=\"MV\" >Maldivler<\/option><option value=\"ML\" >Mali<\/option><option value=\"MT\" >Malta<\/option><option value=\"MA\" >Fas<\/option><option value=\"MU\" >Mauritius<\/option><option value=\"MR\" >Moritanya<\/option><option value=\"ME\" >Karada\u011f<\/option><option value=\"MX\" >Meksika<\/option><option value=\"MM\" >Myanmar<\/option><option value=\"FM\" >Mikronezya<\/option><option value=\"MN\" >Mo\u011folistan<\/option><option value=\"MZ\" >Mozambik<\/option><option value=\"MD\" >Moldova<\/option><option value=\"MC\" >Monako<\/option><option value=\"MS\" >Montserrat<\/option><option value=\"BD\" >Banglade\u015f<\/option><option value=\"BB\" >Barbados<\/option><option value=\"BS\" >Bahamalar<\/option><option value=\"BH\" >Bahreyn<\/option><option value=\"BZ\" >Belize<\/option><option value=\"BJ\" >Benin<\/option><option value=\"BW\" >Botsvana<\/option><option value=\"BF\" >Burkina Faso<\/option><option value=\"BI\" >Burundi<\/option><option value=\"BT\" >Bhutan<\/option><option value=\"BN\" >Brunei<\/option><option value=\"NA\" >Namibya<\/option><option value=\"NR\" >Nauru<\/option><option value=\"NZ\" >Yeni Zelanda<\/option><option value=\"NC\" >Yeni Kaledonya<\/option><option value=\"NP\" >Nepal<\/option><option value=\"CC\" >Cocos Adalar\u0131 (Keeling)<\/option><option value=\"CK\" >Cook Adalar\u0131<\/option><option value=\"MH\" >Marshall Adalar\u0131<\/option><option value=\"PN\" >Pitcairn Adalar\u0131<\/option><option value=\"SB\" >Solomon Adalar\u0131<\/option><option value=\"TC\" >Turks ve Caicos Adalar\u0131<\/option><option value=\"FO\" >Faroe Adalar\u0131<\/option><option value=\"FK\" >Falkland Adalar\u0131<\/option><option value=\"IM\" >Man Adas\u0131<\/option><option value=\"CX\" >Noel Adas\u0131<\/option><option value=\"NE\" >Nijer<\/option><option value=\"NG\" >Nijerya<\/option><option value=\"NI\" >Nikaragua<\/option><option value=\"NU\" >Newe<\/option><option value=\"NO\" >Norve\u00e7<\/option><option value=\"ZA\" >G\u00fcney Afrika<\/option><option value=\"GS\" >G\u00fcney Georgia\/Sandvi\u00e7 Adalar\u0131<\/option><option value=\"KR\" >G\u00fcney Kore<\/option><option value=\"SS\" >G\u00fcney Sudan<\/option><option value=\"NL\" >Hollanda<\/option><option value=\"OM\" >Umman<\/option><option value=\"HN\" >Honduras<\/option><option value=\"WF\" >Galler ve Futuna<\/option><option value=\"HU\" >Macaristan<\/option><option value=\"UG\" >Uganda<\/option><option value=\"UZ\" >\u00d6zbekistan<\/option><option value=\"UA\" >Ukrayna<\/option><option value=\"UY\" >Uruguay<\/option><option value=\"PK\" >Pakistan<\/option><option value=\"PA\" >Panama<\/option><option value=\"PG\" >Papua Yeni Gine<\/option><option value=\"PY\" >Paraguay<\/option><option value=\"VG\" >Virgin Adalar\u0131 (\u0130ngiliz)<\/option><option value=\"VI\" >Virgin Adalar\u0131 (ABD)<\/option><option value=\"PE\" >Peru<\/option><option value=\"PL\" >Polonya<\/option><option value=\"PT\" >Portekiz<\/option><option value=\"PR\" >Porto Riko<\/option><option value=\"CV\" >Ye\u015fil Burun Adalar\u0131<\/option><option value=\"RE\" >Yeniden Birle\u015fme<\/option><option value=\"RW\" >Ruanda<\/option><option value=\"RO\" >Romanya<\/option><option value=\"RU\" >Rusya<\/option><option value=\"WS\" >Samoa<\/option><option value=\"SA\" >Suudi Arabistan<\/option><option value=\"SJ\" >Svalbard ve Jan Mayen<\/option><option value=\"SN\" >Senegal<\/option><option value=\"RS\" >S\u0131rbistan<\/option><option value=\"SC\" >Sey\u015feller<\/option><option value=\"SG\" >Singapur<\/option><option value=\"SL\" >Sierra Leone<\/option><option value=\"SK\" >Slovakya<\/option><option value=\"SI\" >Slovenya<\/option><option value=\"SO\" >Somali<\/option><option value=\"SD\" >Sudan<\/option><option value=\"SE\" >\u0130sve\u00e7<\/option><option value=\"SR\" >Surinam<\/option><option value=\"LK\" >Sri Lanka<\/option><option value=\"SY\" >Suriye<\/option><option value=\"TW\" >Tayvan <\/option><option value=\"TH\" >Tayland<\/option><option value=\"TZ\" >Tanzanya<\/option><option value=\"TJ\" >Tacikistan<\/option><option value=\"JM\" >Jamaika<\/option><option value=\"DJ\" >Cibuti<\/option><option value=\"TG\" >Togo<\/option><option value=\"TK\" >Tokelau<\/option><option value=\"TO\" >Tonga<\/option><option value=\"TV\" >Tuvalu<\/option><option value=\"TR\" >T\u00fcrkiye<\/option><option value=\"TM\" >T\u00fcrkmenistan<\/option><option value=\"TT\" >Trinidad ve Tobago<\/option><option value=\"TD\" >Chad<\/option><option value=\"CZ\" >\u00c7ek Cumhuriyeti<\/option><option value=\"TN\" >Tunus<\/option><option value=\"YE\" >Yemen<\/option><option value=\"PH\" >Filipinler<\/option><option value=\"FI\" >Finlandiya<\/option><option value=\"FJ\" >Fiji<\/option><option value=\"HM\" >Hurd ve McDonald Adalar\u0131<\/option><option value=\"CL\" >\u015eili<\/option><option value=\"HK\" >Hong Kong<\/option><option value=\"AX\" >\u00c5land Adalar\u0131<\/option><option value=\"AI\" >Anguilla<\/option><option value=\"AG\" >Antigua ve Barbuda<\/option><option value=\"PW\" >Belau<\/option><option value=\"BQ\" >Bonaire, Saint Eustatius ve Saba<\/option><option value=\"BV\" >Bouvet Adas\u0131<\/option><option value=\"IO\" >Britanya Hint Okyanusu Topraklar\u0131<\/option><option value=\"SZ\" >Eswatini<\/option><option value=\"GP\" >Guadeloupe<\/option><option value=\"GU\" >Guam<\/option><option value=\"GG\" >Guernsey<\/option><option value=\"IN\" >Hindistan<\/option><option value=\"JE\" >Jersey<\/option><option value=\"KW\" >Kuveyt<\/option><option value=\"MQ\" >Martinique<\/option><option value=\"NF\" >Norfolk Adas\u0131<\/option><option value=\"MP\" >Kuzey Mariana Adalar\u0131<\/option><option value=\"PS\" >Filistin Topraklar\u0131<\/option><option value=\"ST\" >S\u00e3o Tom\u00e9 ve Pr\u00edncipe<\/option><option value=\"BL\" >Saint Barth\u00e9lemy<\/option><option value=\"KN\" >Saint Kitts ve Nevis<\/option><option value=\"SX\" >Saint Martin (Hollanda k\u0131sm\u0131)<\/option><option value=\"PM\" >Saint Pierre ve Miquelon<\/option><option value=\"VC\" >Saint Vincent ve Grenadinler<\/option><option value=\"UM\" >Amerika Birle\u015fik Devletleri (ABD) K\u00fc\u00e7\u00fck D\u0131\u015f Adalar\u0131<\/option><\/select><noscript><button type=\"submit\" name=\"woocommerce_checkout_update_totals\" value=\"\u0395\u03bd\u03b7\u03bc\u03ad\u03c1\u03c9\u03c3\u03b7 \u03c7\u03ce\u03c1\u03b1\u03c2 \/ \u03c0\u03b5\u03c1\u03b9\u03bf\u03c7\u03ae\u03c2\">\u00dclke \/ b\u00f6lge g\u00fcncellemesi<\/button><\/noscript><\/span><\/p><p class=\"form-row b2bking_custom_registration_field b2bking_custom_field_req_required\" id=\"billing_state_field\" data-priority=\"\"><span class=\"woocommerce-input-wrapper\"><select name=\"billing_state\" id=\"billing_state\" class=\"state_select\"  data-placeholder=\"\u03a0\u03bf\u03bb\u03b9\u03c4\u03b5\u03af\u03b1 \/ \u039a\u03bf\u03bc\u03b7\u03c4\u03b5\u03af\u03b1\"  data-input-classes=\"\" >\n\t\t\t\t\t\t<option value=\"\">Bir se\u00e7im yap.<\/option><option value=\"I\" >Attica<\/option><option value=\"A\" >Do\u011fu Makedonya ve Trakya<\/option><option value=\"B\" >Orta Makedonya<\/option><option value=\"C\" >Bat\u0131 Makedonya<\/option><option value=\"D\" >Epir<\/option><option value=\"E\" >Teselya<\/option><option value=\"F\" >\u0130yonya Adalar\u0131<\/option><option value=\"G\" >Bat\u0131 Yunanistan<\/option><option value=\"H\" >Orta Yunanistan<\/option><option value=\"J\" >Mora Yar\u0131madas\u0131<\/option><option value=\"K\" >Kuzey Ege Denizi<\/option><option value=\"L\" >G\u00fcney Ege Denizi<\/option><option value=\"M\" >Girit<\/option><\/select><\/span><\/p><input type=\"hidden\" id=\"b2bking_country_registration_field_number\" name=\"b2bking_country_registration_field_number\" value=\"2150\"><\/p><\/div><div class=\"b2bking_custom_registration_container b2bking_custom_registration_allroles\"><p class=\"woocommerce-form-row woocommerce-form-row--wide form-row form-row-wide\"><label for=\"b2bking_field_2147\">Kasaba \/ \u015eehir&nbsp;<span class=\"required\">*<\/span><\/label><input type=\"text\" id=\"b2bking_field_2147\" class=\"b2bking_custom_registration_field b2bking_custom_field_req_required\" name=\"b2bking_custom_field_2147\" value=\"\" placeholder=\"Kasaban\u0131z\u0131 \/ \u015fehrinizi buraya girin...\" required><\/p><\/div><div class=\"b2bking_custom_registration_container b2bking_custom_registration_allroles\"><p class=\"woocommerce-form-row woocommerce-form-row--wide form-row form-row-wide\"><label for=\"b2bking_field_2148\">Posta Kodu \/ ZIP&nbsp;<span class=\"required\">*<\/span><\/label><input type=\"text\" id=\"b2bking_field_2148\" class=\"b2bking_custom_registration_field b2bking_custom_field_req_required\" name=\"b2bking_custom_field_2148\" value=\"\" placeholder=\"Posta kodunuzu \/ ZIP adresinizi buraya girin...\" required><\/p><\/div><div class=\"b2bking_custom_registration_container b2bking_custom_registration_allroles\"><p class=\"woocommerce-form-row woocommerce-form-row--wide form-row form-row-wide\"><label for=\"b2bking_field_2149\">telefon numaras\u0131&nbsp;<span class=\"required\">*<\/span><\/label><input id=\"b2bking_field_2149\" type=\"tel\" class=\"b2bking_custom_registration_field b2bking_custom_field_req_required\" name=\"b2bking_custom_field_2149\" value=\"\" placeholder=\"Telefonunuzu buraya girin...\" required><\/p><\/div><wc-order-attribution-inputs><\/wc-order-attribution-inputs><div class=\"woocommerce-privacy-policy-text\"><p>Ki\u015fisel verileriniz, sitedeki deneyiminizi desteklemek, hesab\u0131n\u0131za eri\u015fimi y\u00f6netmek ve sayfada a\u00e7\u0131klanan di\u011fer ama\u00e7lar i\u00e7in kullan\u0131lacakt\u0131r. <a href=\"https:\/\/yamastik.com\/tr\/?page_id=1726\" class=\"woocommerce-privacy-policy-link\" target=\"_blank\">G\u0130ZL\u0130L\u0130K POL\u0130T\u0130KASI<\/a>.<\/p>\n<\/div>\r\n\t\t\t\t\t<p class=\"woocommerce-form-row form-row\">\r\n\t\t\t\t\t\t<input type=\"hidden\" id=\"woocommerce-register-nonce\" name=\"woocommerce-register-nonce\" value=\"33ea48592a\" \/><input type=\"hidden\" name=\"_wp_http_referer\" value=\"\/b2b-login-and-registrations\/\" \/>\t\t\t\t\t\t<button type=\"submit\" class=\"woocommerce-Button woocommerce-button button woocommerce-form-register__submit\" name=\"register\" value=\"\u0395\u03b3\u03b3\u03c1\u03b1\u03c6\u03ae\">Adresinden kay\u0131t olun<\/button>\r\n\t\t\t\t\t<\/p>\r\n\r\n\t\t\t\t\t\r\n\t\t\t\t<input type=\"hidden\" name=\"trp-form-language\" value=\"tr\"\/><\/form>\r\n\t\t\t<\/div>\r\n\t\t\t<\/span><\/span><\/span><\/span><\/span><\/span><\/span><\/span><\/span><\/span><\/p><\/div>\n\t\t\t\t<\/div>\n\t\t\t\t\t\t\t\t<\/div>\n\t\t\t\t\t\t<\/div>\n\t\t\t\t<\/div>\n\t\t\t\t\t<\/div>\n\t\t\t\t<\/div>\n\t\t\t\t\t<\/div>\n\t\t\t\t<\/div>\n\t\t\t\t<\/div>","protected":false},"excerpt":{"rendered":"<p>KAYITLAR<\/p>","protected":false},"author":235,"featured_media":0,"parent":0,"menu_order":0,"comment_status":"closed","ping_status":"closed","template":"","meta":{"_acf_changed":false,"footnotes":""},"class_list":["post-2203","page","type-page","status-publish","hentry"],"acf":[],"_links":{"self":[{"href":"https:\/\/yamastik.com\/tr\/wp-json\/wp\/v2\/pages\/2203"}],"collection":[{"href":"https:\/\/yamastik.com\/tr\/wp-json\/wp\/v2\/pages"}],"about":[{"href":"https:\/\/yamastik.com\/tr\/wp-json\/wp\/v2\/types\/page"}],"author":[{"embeddable":true,"href":"https:\/\/yamastik.com\/tr\/wp-json\/wp\/v2\/users\/235"}],"replies":[{"embeddable":true,"href":"https:\/\/yamastik.com\/tr\/wp-json\/wp\/v2\/comments?post=2203"}],"version-history":[{"count":0,"href":"https:\/\/yamastik.com\/tr\/wp-json\/wp\/v2\/pages\/2203\/revisions"}],"wp:attachment":[{"href":"https:\/\/yamastik.com\/tr\/wp-json\/wp\/v2\/media?parent=2203"}],"curies":[{"name":"wp","href":"https:\/\/api.w.org\/{rel}","templated":true}]}}