{"id":44,"date":"2016-07-14T20:38:43","date_gmt":"2016-07-14T17:38:43","guid":{"rendered":"https:\/\/yamastik.gr\/?page_id=44"},"modified":"2024-08-21T16:46:02","modified_gmt":"2024-08-21T13:46:02","slug":"quality","status":"publish","type":"page","link":"https:\/\/yamastik.com\/tr\/company\/quality\/","title":{"rendered":"Kalite"},"content":{"rendered":"<div data-elementor-type=\"wp-page\" data-elementor-id=\"44\" class=\"elementor elementor-44\" data-elementor-post-type=\"page\">\n\t\t\t\t<div class=\"elementor-element elementor-element-c5938ff e-flex e-con-boxed e-con e-parent\" data-id=\"c5938ff\" data-element_type=\"container\" data-e-type=\"container\">\n\t\t\t\t\t<div class=\"e-con-inner\">\n\t\t\t\t<div class=\"elementor-element elementor-element-375f467 elementor-widget elementor-widget-text-editor\" data-id=\"375f467\" data-element_type=\"widget\" data-e-type=\"widget\" data-widget_type=\"text-editor.default\">\n\t\t\t\t<div class=\"elementor-widget-container\">\n\t\t\t\t\t\t\t\t\t<h2><strong>Sertifikalar<\/strong><\/h2><p>Yamastik fabrikas\u0131, VI.PE. Kandiye, Girit'te bulunan Yamastik fabrikas\u0131, Y\u00f6netim Sistemleri, \u00dcretim S\u00fcre\u00e7leri ve \u00dcr\u00fcn Kalite Kontrolleri ile ilgili modern bir fabrikan\u0131n t\u00fcm gerekli sertifikalar\u0131na sahiptir.<\/p><p><img fetchpriority=\"high\" decoding=\"async\" class=\"img-responsive aligncenter wp-image-417 size-full\" src=\"https:\/\/yamastik.com\/wp-content\/uploads\/2016\/07\/poiotita-guarantee-iso.jpg\" alt=\"\" width=\"437\" height=\"177\" \/><\/p><p>\u00a0<\/p><h2><strong>Kalite Kontrol ve Y\u00f6netimi <\/strong><\/h2><p>\u015eirketin politikas\u0131 ve temel felsefesine g\u00f6re, m\u00fc\u015fteriye odaklanmak, yani ihtiya\u00e7lar\u0131n\u0131 tam olarak kar\u015f\u0131lamak ve ona gereksinimlerine g\u00f6re kaliteli hizmet ve \u00fcr\u00fcnler sunmak temel de\u011ferlerinden biridir.<\/p><p>Yamastik, \u00e7al\u0131\u015fanlar\u0131n\u0131n ve i\u015f ortaklar\u0131n\u0131n eme\u011fine ve zaman\u0131na yat\u0131r\u0131m yaparak m\u00fc\u015fterilerinin taleplerini etkin bir \u015fekilde kar\u015f\u0131layabilece\u011fine inanmaktad\u0131r. \u015eirket, faaliyetleri kapsam\u0131nda mevzuat\u0131n t\u00fcm gerekliliklerine tam olarak uymaktad\u0131r.<\/p><p>Hedefi, kalite konular\u0131na odaklanarak m\u00fc\u015fterilerinin ihtiya\u00e7 ve beklentilerini kar\u015f\u0131layan bir felsefe kullanarak m\u00fc\u015fterilerini tamamen memnun etmektir.<\/p><p>Kalite Politikas\u0131n\u0131n uygulanmas\u0131n\u0131n ana hedefleri \u015funlard\u0131r:<\/p><p>M\u00fc\u015fteri memnuniyetinin art\u0131r\u0131lmas\u0131.<\/p><p>Y\u00fcksek kaliteli dan\u0131\u015fmanl\u0131k hizmetlerinin sa\u011flanmas\u0131.<\/p><p>M\u00fc\u015fteri taban\u0131n\u0131n s\u00fcrekli b\u00fcy\u00fcmesi.<\/p><p>\u00dcstlendi\u011fi projelerin m\u00fc\u015fterilerinin ihtiya\u00e7 ve gereksinimlerine g\u00f6re etkin bir \u015fekilde uygulanmas\u0131.<\/p><p>Proje uygulamas\u0131n\u0131n etkin bir \u015fekilde izlenmesi ve kontrol edilmesi<\/p><p>Faaliyetleriyle ilgili ve faaliyetlerini ilgilendiren t\u00fcm yasal ve d\u00fczenleyici gereklilikleri kar\u015f\u0131lamak.<\/p><p>Personelin s\u00fcrekli e\u011fitimi.<\/p><p>Kaliteli hammadde, malzeme ve hizmet tedariki i\u00e7in tedarik\u00e7i ve ortak se\u00e7imi<\/p><p>Ara ve bitmi\u015f \u00fcr\u00fcnlerin kalitesinin yan\u0131 s\u0131ra, akredite ve uluslararas\u0131 kabul g\u00f6rm\u00fc\u015f kurulu\u015flar taraf\u0131ndan Avrupa ve uluslararas\u0131 standartlara dayal\u0131 olarak \u00fcr\u00fcnlerin ve \u00fcretim s\u00fcre\u00e7lerinin belgelendirilmesinin sa\u011flanmas\u0131.<\/p><p>\u00a0<\/p><h2><strong>Kalite Politikas\u0131<\/strong><\/h2><p>\u0130nsana odaklanarak ve \u00e7evreye sayg\u0131 g\u00f6stererek alan\u0131m\u0131zda lider, \u00f6nc\u00fc ve k\u00fclt\u00fcrleraras\u0131 bir grup olmak.<\/p><p>Yamastik'in faaliyetlerinin dayand\u0131\u011f\u0131 de\u011ferler \u015funlard\u0131r:<\/p><ul><li>B\u00fct\u00fcnl\u00fck<\/li><li>Tak\u0131m ruhu<\/li><li>Sosyal Sorumluluk<\/li><li>Vanguard<\/li><li>M\u00fc\u015fteriye odaklan\u0131n<\/li><li>Giri\u015fimcilik<\/li><li>S\u00fcrekli \u00f6\u011frenme<\/li><li>ve a\u015fa\u011f\u0131daki stratejik hedeflerine ula\u015fmak i\u00e7in temel olu\u015fturur:<\/li><li>Yeni pazarlara do\u011fru s\u00fcrekli geni\u015fleme<\/li><li>Memnun m\u00fc\u015fteriler, ortaklar ve t\u00fcketiciler yaratmak<\/li><li>Esnek organizasyon<\/li><li>Y\u00fcksek verimlilik<\/li><li>Toplam kalite politikas\u0131<\/li><li>Entegre teknik \u00e7\u00f6z\u00fcmler ve hizmetler i\u00e7in piyasa uyar\u0131c\u0131lar\u0131na ve taleplerine do\u011frudan yan\u0131t vermek; ve<\/li><li>Ekip \u00e7al\u0131\u015fmas\u0131n\u0131 ve yarat\u0131c\u0131l\u0131\u011f\u0131 te\u015fvik eden bir \u00e7al\u0131\u015fma ortam\u0131<\/li><\/ul><p>Kalite Y\u00f6netim Sisteminin uygulanmas\u0131 ile \u015firket Y\u00f6netimi a\u015fa\u011f\u0131dakileri taahh\u00fct eder:<\/p><p>M\u00fc\u015fteri gereksinimlerinin kar\u015f\u0131lanmas\u0131<\/p><p>\u00dcr\u00fcn ve hizmetlerine ili\u015fkin yasal ve d\u00fczenleyici gerekliliklerin kar\u015f\u0131lanmas\u0131<\/p><p>Kalite Y\u00f6netim Sisteminin etkinli\u011finin s\u00fcrekli iyile\u015ftirilmesi<\/p><p>Yukar\u0131daki taahh\u00fctlere ula\u015fmak i\u00e7in \u015firket Y\u00f6netimi gerekli kaynaklar\u0131 sa\u011flar ve gerekli ad\u0131mlar\u0131 atar:<\/p><p>\u015eirket personeli, m\u00fc\u015fteri gereksinimlerini kar\u015f\u0131lamaya verilen \u00f6nem konusunda net bir bilgiye sahiptir<\/p><p>Sistem, etkinli\u011fini sa\u011flamak i\u00e7in d\u00fczenli aral\u0131klarla g\u00f6zden ge\u00e7irilmelidir<\/p><p>Y\u0131ll\u0131k bazda spesifik, \u00f6l\u00e7\u00fclebilir ve ula\u015f\u0131labilir hedefler belirlenmeli, bunlar\u0131n uygulanmas\u0131 \u015firket i\u00e7in bir taahh\u00fct ve personel i\u00e7in bir y\u00fck\u00fcml\u00fcl\u00fck olmal\u0131d\u0131r<\/p><p>Bu kalite politikas\u0131n\u0131n d\u00fczenli aral\u0131klarla g\u00f6zden ge\u00e7irilmesi<\/p><p>Bu kalite politikas\u0131 t\u00fcm \u015firket personeline iletilir<\/p><p>T\u00fcm \u015firket personelinin aktif kat\u0131l\u0131m\u0131 ve katk\u0131s\u0131, Kalite hedeflerine ula\u015f\u0131lmas\u0131 i\u00e7in belirleyici bir fakt\u00f6r olarak kabul edilir.<\/p><p>\u00a0<\/p><h2><strong>\u00c7evre Politikas\u0131<\/strong><\/h2><p>\u0130\u015fletmenin amac\u0131<\/p><p>S\u00fcrekli b\u00fcy\u00fcyen bir Tar\u0131m Makineleri End\u00fcstrisi olan Yamastik, ekonomik b\u00fcy\u00fcmenin sa\u011fl\u0131kl\u0131 bir \u00e7evre ile el ele gidebilece\u011finin ve gitmesi gerekti\u011finin fark\u0131ndad\u0131r ve bu nedenle, dinamik seyrini \u00e7evreye, korunmas\u0131na, korunmas\u0131na ve iyile\u015ftirilmesine gerekli sayg\u0131 ile birle\u015ftirmeyi hedeflemi\u015ftir ve hedeflemektedir.<\/p>\t\t\t\t\t\t\t\t<\/div>\n\t\t\t\t<\/div>\n\t\t\t\t\t<\/div>\n\t\t\t\t<\/div>\n\t\t\t\t<\/div>","protected":false},"excerpt":{"rendered":"<p>\u03a0\u03b9\u03c3\u03c4\u03bf\u03c0\u03bf\u03b9\u03b7\u03c4\u03b9\u03ba\u03ac \u03a4\u03bf \u03b5\u03c1\u03b3\u03bf\u03c3\u03c4\u03ac\u03c3\u03b9\u03bf \u03c4\u03b7\u03c2 Yamastik, \u03c3\u03c4\u03b7\u03bd \u0392\u0399.\u03a0\u0395. \u0397\u03c1\u03b1\u03ba\u03bb\u03b5\u03af\u03bf\u03c5 \u039a\u03c1\u03ae\u03c4\u03b7\u03c2, \u03b4\u03b9\u03b1\u03b8\u03ad\u03c4\u03b5\u03b9 \u03cc\u03bb\u03b1 \u03c4\u03b1 \u03b1\u03bd\u03b1\u03b3\u03ba\u03b1\u03af\u03b1 \u03c0\u03b9\u03c3\u03c4\u03bf\u03c0\u03bf\u03b9\u03b7\u03c4\u03b9\u03ba\u03ac \u03b5\u03bd\u03cc\u03c2 \u03c3\u03cd\u03b3\u03c7\u03c1\u03bf\u03bd\u03bf\u03c5 \u03b5\u03c1\u03b3\u03bf\u03c3\u03c4\u03b1\u03c3\u03af\u03bf\u03c5, \u03c0\u03bf\u03c5 \u03b1\u03c6\u03bf\u03c1\u03bf\u03cd\u03bd \u03a3\u03c5\u03c3\u03c4\u03ae\u03bc\u03b1\u03c4\u03b1 \u0394\u03b9\u03b1\u03c7\u03b5\u03af\u03c1\u03b9\u03c3\u03b7\u03c2, \u0394\u03b9\u03b5\u03c1\u03b3\u03b1\u03c3\u03af\u03b5\u03c2 \u03a0\u03b1\u03c1\u03b1\u03b3\u03c9\u03b3\u03ae\u03c2 \u03ba\u03b1\u03b9 \u0395\u03bb\u03ad\u03b3\u03c7\u03c9\u03bd \u03a0\u03bf\u03b9\u03cc\u03c4\u03b7\u03c4\u03b1\u03c2 \u03c4\u03c9\u03bd \u03c0\u03c1\u03bf\u03ca\u03cc\u03bd\u03c4\u03c9\u03bd. \u00a0 \u0388\u03bb\u03b5\u03b3\u03c7\u03bf\u03c2 \u03ba\u03b1\u03b9 \u0394\u03b9\u03b1\u03c7\u03b5\u03af\u03c1\u03b9\u03c3\u03b7 \u03a0\u03bf\u03b9\u03cc\u03c4\u03b7\u03c4\u03b1\u03c2 \u03a3\u03cd\u03bc\u03c6\u03c9\u03bd\u03b1 \u03bc\u03b5 \u03c4\u03b7\u03bd \u03c0\u03bf\u03bb\u03b9\u03c4\u03b9\u03ba\u03ae \u03ba\u03b1\u03b9 \u03c4\u03b7\u03bd \u03b2\u03b1\u03c3\u03b9\u03ba\u03ae \u03c6\u03b9\u03bb\u03bf\u03c3\u03bf\u03c6\u03af\u03b1 \u03c4\u03b7\u03c2 \u03b5\u03c4\u03b1\u03b9\u03c1\u03b5\u03af\u03b1\u03c2, \u03b7 \u03b5\u03c0\u03b9\u03ba\u03ad\u03bd\u03c4\u03c1\u03c9\u03c3\u03b7 \u03c4\u03bf\u03c5 \u03b5\u03bd\u03b4\u03b9\u03b1\u03c6\u03ad\u03c1\u03bf\u03bd\u03c4\u03bf\u03c2 \u03c4\u03b7\u03c2 \u03c3\u03c4\u03bf\u03bd \u03c0\u03b5\u03bb\u03ac\u03c4\u03b7, \u03b4\u03b7\u03bb\u03b1\u03b4\u03ae \u03b7 \u03c0\u03bb\u03ae\u03c1\u03b7\u03c2 \u03b9\u03ba\u03b1\u03bd\u03bf\u03c0\u03bf\u03af\u03b7\u03c3\u03b7 \u03c4\u03c9\u03bd [&hellip;]<\/p>","protected":false},"author":1,"featured_media":0,"parent":42,"menu_order":0,"comment_status":"closed","ping_status":"closed","template":"","meta":{"_acf_changed":false,"footnotes":""},"class_list":["post-44","page","type-page","status-publish","hentry"],"acf":[],"_links":{"self":[{"href":"https:\/\/yamastik.com\/tr\/wp-json\/wp\/v2\/pages\/44"}],"collection":[{"href":"https:\/\/yamastik.com\/tr\/wp-json\/wp\/v2\/pages"}],"about":[{"href":"https:\/\/yamastik.com\/tr\/wp-json\/wp\/v2\/types\/page"}],"author":[{"embeddable":true,"href":"https:\/\/yamastik.com\/tr\/wp-json\/wp\/v2\/users\/1"}],"replies":[{"embeddable":true,"href":"https:\/\/yamastik.com\/tr\/wp-json\/wp\/v2\/comments?post=44"}],"version-history":[{"count":2,"href":"https:\/\/yamastik.com\/tr\/wp-json\/wp\/v2\/pages\/44\/revisions"}],"predecessor-version":[{"id":2728,"href":"https:\/\/yamastik.com\/tr\/wp-json\/wp\/v2\/pages\/44\/revisions\/2728"}],"up":[{"embeddable":true,"href":"https:\/\/yamastik.com\/tr\/wp-json\/wp\/v2\/pages\/42"}],"wp:attachment":[{"href":"https:\/\/yamastik.com\/tr\/wp-json\/wp\/v2\/media?parent=44"}],"curies":[{"name":"wp","href":"https:\/\/api.w.org\/{rel}","templated":true}]}}