{"id":67,"date":"2016-07-14T20:48:41","date_gmt":"2016-07-14T17:48:41","guid":{"rendered":"https:\/\/yamastik.gr\/?page_id=67"},"modified":"2024-09-09T09:53:32","modified_gmt":"2024-09-09T06:53:32","slug":"support","status":"publish","type":"page","link":"https:\/\/yamastik.com\/tr\/support\/","title":{"rendered":"Hizmet"},"content":{"rendered":"<div data-elementor-type=\"wp-page\" data-elementor-id=\"67\" class=\"elementor elementor-67\" data-elementor-post-type=\"page\">\n\t\t\t\t<div class=\"elementor-element elementor-element-09da3b1 e-flex e-con-boxed e-con e-parent\" data-id=\"09da3b1\" data-element_type=\"container\" data-e-type=\"container\" id=\"tech-support\">\n\t\t\t\t\t<div class=\"e-con-inner\">\n\t\t\t\t<div class=\"elementor-element elementor-element-606798c elementor-widget elementor-widget-text-editor\" data-id=\"606798c\" data-element_type=\"widget\" data-e-type=\"widget\" id=\"tech-support\" data-widget_type=\"text-editor.default\">\n\t\t\t\t<div class=\"elementor-widget-container\">\n\t\t\t\t\t\t\t\t\t<h2><strong>Teknik Destek<\/strong><\/h2><p>Ana \u00f6nceli\u011fimiz, Yamastik'i karakterize eden y\u00fcksek kalite standartlar\u0131n\u0131 korurken i\u015flevsel ve modern \u00e7\u00f6z\u00fcmler sunmak i\u00e7in hizmetimizi s\u00fcrekli iyile\u015ftirmektir.<\/p><p>Servis ve sat\u0131\u015f sonras\u0131 hizmetlere \u00f6zel \u00f6nem verilmektedir. Uzman ve deneyimli elektronik\u00e7iler ve teknisyenler, hem yedek par\u00e7a hem de makinelerin bak\u0131m\u0131 a\u00e7\u0131s\u0131ndan s\u00fcrekli ve g\u00fcvenilir bir kapsam sa\u011flar. \u00dcretim y\u0131llar\u0131na bak\u0131lmaks\u0131z\u0131n t\u00fcm modellerimizde eksiksiz bir yedek par\u00e7a yelpazesi sunarak teknik kapsam sa\u011fl\u0131yoruz.<\/p>\t\t\t\t\t\t\t\t<\/div>\n\t\t\t\t<\/div>\n\t\t\t\t\t<\/div>\n\t\t\t\t<\/div>\n\t\t<div class=\"elementor-element elementor-element-ca063ea e-flex e-con-boxed e-con e-parent\" data-id=\"ca063ea\" data-element_type=\"container\" data-e-type=\"container\">\n\t\t\t\t\t<div class=\"e-con-inner\">\n\t\t\t\t<div class=\"elementor-element elementor-element-77dab86 elementor-widget elementor-widget-text-editor\" data-id=\"77dab86\" data-element_type=\"widget\" data-e-type=\"widget\" data-widget_type=\"text-editor.default\">\n\t\t\t\t<div class=\"elementor-widget-container\">\n\t\t\t\t\t\t\t\t\t<h2>Temsilci deste\u011fi<\/h2><p>Amac\u0131m\u0131z, a\u011f ortaklar\u0131m\u0131z\u0131 ve onlar\u0131n m\u00fc\u015fterilerini desteklemek i\u00e7in en etkili ara\u00e7lar\u0131 belirlemektir.<\/p><p>\u0130nsan i\u015fbirli\u011fi ve ki\u015fisel hizmet bizim ve yerel ma\u011fazalardaki ortaklar\u0131m\u0131z i\u00e7in temel bir de\u011ferdir.<\/p><p>\u015eirket teknisyenlerimiz bayi a\u011f\u0131m\u0131z\u0131 destekler ve sunduklar\u0131 ara\u00e7 ve hizmetleri g\u00fcncel tutmalar\u0131n\u0131 ve y\u00fckseltmelerini sa\u011flar.<\/p>\t\t\t\t\t\t\t\t<\/div>\n\t\t\t\t<\/div>\n\t\t\t\t\t<\/div>\n\t\t\t\t<\/div>\n\t\t<div class=\"elementor-element elementor-element-2e26ef6 e-flex e-con-boxed e-con e-parent\" data-id=\"2e26ef6\" data-element_type=\"container\" data-e-type=\"container\" id=\"payment-methods\">\n\t\t\t\t\t<div class=\"e-con-inner\">\n\t\t\t\t<div class=\"elementor-element elementor-element-a218b82 elementor-widget elementor-widget-text-editor\" data-id=\"a218b82\" data-element_type=\"widget\" data-e-type=\"widget\" id=\"payment-methods\" data-widget_type=\"text-editor.default\">\n\t\t\t\t<div class=\"elementor-widget-container\">\n\t\t\t\t\t\t\t\t\t<h2><strong>\u00d6deme Y\u00f6ntemleri\u00a0<\/strong><\/h2><p><strong>1. Bir banka hesab\u0131na para yat\u0131rma<\/strong><\/p><p>Sat\u0131\u015f bedelini ve kararla\u015ft\u0131r\u0131lan di\u011fer masraflar\u0131 \u015firketimizin a\u015fa\u011f\u0131daki hesaplar\u0131na yat\u0131rabilirsiniz <strong>YAMASTIK<\/strong> <strong>IKE<\/strong><strong>.<\/strong><\/p><p><strong>BANKA<\/strong><strong>\u00a0\u00a0\u00a0\u00a0\u00a0\u00a0\u00a0\u00a0\u00a0 IBAN<\/strong><\/p><p>PIRAEUS: GR980172750000<strong>5750101188776<\/strong><\/p><p>ALFA: GR4301406890<strong>689002330003571<\/strong><\/p><p>UYRU\u011eU: GR54011020500000<strong>20501440539<\/strong><\/p><p>\u03a0\u0391\u0393\u039a\u03a1\u0397\u03a4\u0399\u0391: GR340870010000030000<strong>3407911<\/strong><\/p><p>L\u00fctfen depozitonuzun nedenine tam ad\u0131n\u0131z\u0131 ekleyin ve depozito makbuzunu e-posta adresine g\u00f6nderin <a href=\"mailto:info@yamastik.gr\">info@yamastik.gr<\/a> veya 2810 380954 numaral\u0131 telefondan FAKS ile veya 2810 380955 numaral\u0131 telefondan bizi aray\u0131n.<\/p><p><strong>2.De\u011fi\u015ftirme\u00a0\u00a0\u00a0\u00a0\u00a0\u00a0\u00a0\u00a0\u00a0\u00a0\u00a0\u00a0\u00a0\u00a0\u00a0\u00a0\u00a0\u00a0\u00a0\u00a0\u00a0 <\/strong><\/p><p>Kurye ile g\u00f6nderilen \u00fcr\u00fcnler teslimatta \u00f6denebilir.<\/p><p><strong>3.Nakit<\/strong><\/p><p>\u015eirketimizin VI.PE.Heraklion, Girit, M8 Caddesi'ndeki merkezinden teslim ald\u0131ktan sonra nakit \u00f6deme yapabilirsiniz.<\/p>\t\t\t\t\t\t\t\t<\/div>\n\t\t\t\t<\/div>\n\t\t\t\t\t<\/div>\n\t\t\t\t<\/div>\n\t\t<div class=\"elementor-element elementor-element-9df38e9 e-flex e-con-boxed e-con e-parent\" data-id=\"9df38e9\" data-element_type=\"container\" data-e-type=\"container\" id=\"shipping\">\n\t\t\t\t\t<div class=\"e-con-inner\">\n\t\t\t\t<div class=\"elementor-element elementor-element-69a826d elementor-widget elementor-widget-text-editor\" data-id=\"69a826d\" data-element_type=\"widget\" data-e-type=\"widget\" id=\"shipping\" data-widget_type=\"text-editor.default\">\n\t\t\t\t<div class=\"elementor-widget-container\">\n\t\t\t\t\t\t\t\t\t<h2><strong>Transferler ve teslimatlar<\/strong><\/h2><p>Yunanistan'\u0131n her yerine \u00fcr\u00fcn g\u00f6nderiyoruz.<\/p><p><strong>Kurye ile (1-3 i\u015f g\u00fcn\u00fc).<\/strong><br \/>Kurye ile k\u00fc\u00e7\u00fck paketler i\u00e7in nakliye \u00fccreti t\u00fcm Yunanistan i\u00e7in 5 \u20ac'dur. \u00dcr\u00fcnlerin hacmine ba\u011fl\u0131 olarak maliyetler bu tutar\u0131 a\u015fabilir. Her durumda, nakliye \u00fccretlerinde bir de\u011fi\u015fiklik olursa sizi telefonla bilgilendirece\u011fiz.<\/p><p><strong>Nakliye acentesi taraf\u0131ndan (2-4 i\u015f g\u00fcn\u00fc ve merkezinize teslimat).<\/strong>\u00a0\u00a0\u00a0\u00a0\u00a0\u00a0\u00a0\u00a0\u00a0\u00a0<\/p><p>Nakliye acentesi taraf\u0131ndan nakliye masraflar\u0131 talep \u00fczerine olacakt\u0131r.<\/p><p><strong>Genel merkezden al\u0131nan makbuz <\/strong><strong>YAMASTIK<\/strong><strong>.<\/strong><\/p><p><strong>\u00a0<\/strong><\/p><p>Sipari\u015flerinizi \u015fu adresten de alabilirsiniz <strong>\u015fi\u0307rketi\u0307mi\u0307zi\u0307n genel merkezi\u0307 <\/strong><strong>Bi.PE'de. Heraklion Girit M8 Sokak.<\/strong> Bu durumda sipari\u015finizin haz\u0131r oldu\u011fundan emin olmak i\u00e7in l\u00fctfen bizimle ileti\u015fime ge\u00e7in.<\/p><p>Fikri m\u00fclkiyet haklar\u0131<\/p><p>\u00a0Ay\u0131rt edici ba\u015fl\u0131klar, ticari markalar, i\u015faretler, g\u00f6r\u00fcnt\u00fcler, grafikler, foto\u011fraflar, \u00e7izimler, metinler vb. dahil olmak \u00fczere e-ma\u011fazan\u0131n t\u00fcm i\u00e7eri\u011fi \u015e\u0130RKET'in fikri m\u00fclkiyetini olu\u015fturur ve Yunan yasalar\u0131n\u0131n, Avrupa yasalar\u0131n\u0131n ve uluslararas\u0131 s\u00f6zle\u015fmelerin ilgili h\u00fck\u00fcmlerine g\u00f6re veya \u015e\u0130RKET'in kendi m\u00fcnhas\u0131r ihtiya\u00e7lar\u0131 ve e-ma\u011fazan\u0131n i\u015fletilmesi i\u00e7in lisans ald\u0131\u011f\u0131 \u00fc\u00e7\u00fcnc\u00fc taraflar\u0131n fikri m\u00fclkiyetine g\u00f6re korunmaktad\u0131r.<\/p><p>Bu i\u00e7eri\u011fin kopyalanmas\u0131, aktar\u0131lmas\u0131 veya bu i\u00e7eri\u011fe dayal\u0131 t\u00fcrev \u00e7al\u0131\u015fmalar\u0131n olu\u015fturulmas\u0131 veya \u00e7evrimi\u00e7i ma\u011fazan\u0131n ger\u00e7ek sa\u011flay\u0131c\u0131s\u0131 hakk\u0131nda kamuoyunun yan\u0131lt\u0131lmas\u0131 yasakt\u0131r. \u0130\u00e7eri\u011fin \u00e7o\u011falt\u0131lmas\u0131, yeniden yay\u0131nlanmas\u0131, yeniden yay\u0131nlanmas\u0131, y\u00fcklenmesi, iletilmesi, yay\u0131lmas\u0131 veya iletilmesi veya ticari veya di\u011fer ama\u00e7larla herhangi bir \u015fekilde veya yolla ba\u015fka herhangi bir \u015fekilde kullan\u0131lmas\u0131na yaln\u0131zca \u015e\u0130RKET'in veya di\u011fer herhangi bir telif hakk\u0131 sahibinin \u00f6nceden yaz\u0131l\u0131 izni ile izin verilir. \u00c7evrimi\u00e7i ma\u011fazada YAMASTIK ticari markas\u0131 alt\u0131nda listelenen ve a\u00e7\u0131klanan isimler, resimler, logolar ve ay\u0131rt edici \u00f6zellikler veya \u015e\u0130RKET'in veya \u00fc\u00e7\u00fcnc\u00fc taraflar\u0131n \u00fcr\u00fcnleri veya hizmetleri, s\u0131ras\u0131yla \u015e\u0130RKET'in veya \u00fc\u00e7\u00fcnc\u00fc taraflar\u0131n m\u00fclkiyetindedir ve ilgili ticari marka yasalar\u0131 taraf\u0131ndan korunmaktad\u0131r. Bunlar\u0131n \u00e7evrimi\u00e7i ma\u011fazada kullan\u0131lmas\u0131, hi\u00e7bir \u015fekilde \u00fc\u00e7\u00fcnc\u00fc \u015fah\u0131slar taraf\u0131ndan kullan\u0131lmas\u0131 i\u00e7in bir lisans veya hak vermez.<\/p>\t\t\t\t\t\t\t\t<\/div>\n\t\t\t\t<\/div>\n\t\t\t\t\t<\/div>\n\t\t\t\t<\/div>\n\t\t\t\t<\/div>","protected":false},"excerpt":{"rendered":"<p>Teknik Destek Ana \u00f6nceli\u011fimiz, Yamastik'i karakterize eden y\u00fcksek kalite standartlar\u0131n\u0131 korurken i\u015flevsel ve modern \u00e7\u00f6z\u00fcmler sunmak i\u00e7in hizmetimizi s\u00fcrekli iyile\u015ftirmektir. Servis ve sat\u0131\u015f sonras\u0131 hizmet alan\u0131na \u00f6zel \u00f6nem verilmektedir. Uzman ve deneyimli elektronik ve teknik personel, s\u00fcrekli ve g\u00fcvenilir kapsama alan\u0131 sa\u011flar, [...]<\/p>","protected":false},"author":1,"featured_media":0,"parent":0,"menu_order":0,"comment_status":"closed","ping_status":"closed","template":"","meta":{"_acf_changed":false,"footnotes":""},"class_list":["post-67","page","type-page","status-publish","hentry"],"acf":[],"_links":{"self":[{"href":"https:\/\/yamastik.com\/tr\/wp-json\/wp\/v2\/pages\/67"}],"collection":[{"href":"https:\/\/yamastik.com\/tr\/wp-json\/wp\/v2\/pages"}],"about":[{"href":"https:\/\/yamastik.com\/tr\/wp-json\/wp\/v2\/types\/page"}],"author":[{"embeddable":true,"href":"https:\/\/yamastik.com\/tr\/wp-json\/wp\/v2\/users\/1"}],"replies":[{"embeddable":true,"href":"https:\/\/yamastik.com\/tr\/wp-json\/wp\/v2\/comments?post=67"}],"version-history":[{"count":2,"href":"https:\/\/yamastik.com\/tr\/wp-json\/wp\/v2\/pages\/67\/revisions"}],"predecessor-version":[{"id":2928,"href":"https:\/\/yamastik.com\/tr\/wp-json\/wp\/v2\/pages\/67\/revisions\/2928"}],"wp:attachment":[{"href":"https:\/\/yamastik.com\/tr\/wp-json\/wp\/v2\/media?parent=67"}],"curies":[{"name":"wp","href":"https:\/\/api.w.org\/{rel}","templated":true}]}}